{"id":323,"date":"2026-04-28T10:12:39","date_gmt":"2026-04-28T10:12:39","guid":{"rendered":"https:\/\/lastenkamari.fi\/?post_type=product&#038;p=323"},"modified":"2026-04-28T10:12:40","modified_gmt":"2026-04-28T10:12:40","slug":"rib-frilla-body-poppy-56","status":"publish","type":"product","link":"https:\/\/lastenkamari.fi\/?product=rib-frilla-body-poppy-56","title":{"rendered":"Rib Frilla -Body | Poppy &#8211; 56"},"content":{"rendered":"<p>Rib Frilla -Body v\u00e4riss\u00e4 Poppy on juhlava ja k\u00e4yt\u00e4nn\u00f6llinen vauvan body, jossa yhdistyv\u00e4t ihastuttava tyyli ja mukava materiaali. Luomupuuvilla rib-kankaasta valmistettu body istuu hyvin ja joustaa liikkeess\u00e4.<br \/>\nOlkap\u00e4iden frillayksityiskohdat tuovat asuun juhlavuutta, ja Poppy-punainen s\u00e4vy tekee siit\u00e4 t\u00e4ydellisen valinnan kauden juhlahetkiin. Nepparit haarassa helpottavat pukemista. Osa Metsolan Under the Same Moon -mallistoa.<br \/>\nMik\u00e4li et ole varma oikeasta koosta, suosittelemme katsomaan apua kokotaulukosta.<\/p>\n","protected":false},"excerpt":{"rendered":"<p>Rib Frilla -Body v\u00e4riss\u00e4 Poppy on juhlava ja k\u00e4yt\u00e4nn\u00f6llinen vauvan body, jossa yhdistyv\u00e4t ihastuttava tyyli ja mukava materiaali. Luomupuuvilla rib-kankaasta valmistettu body istuu hyvin ja joustaa liikkeess\u00e4. Olkap\u00e4iden frillayksityiskohdat tuovat asuun juhlavuutta, ja Poppy-punainen s\u00e4vy tekee siit\u00e4 t\u00e4ydellisen valinnan kauden juhlahetkiin. Nepparit haarassa helpottavat pukemista. Osa Metsolan Under the Same [&hellip;]<\/p>\n","protected":false},"featured_media":324,"comment_status":"open","ping_status":"closed","template":"","meta":[],"product_brand":[45],"product_cat":[40],"product_tag":[26],"class_list":{"0":"post-323","1":"product","2":"type-product","3":"status-publish","4":"has-post-thumbnail","6":"product_brand-under-the-same-moon","7":"product_cat-lastenvaatteet","8":"product_tag-metsola","10":"first","11":"instock","12":"shipping-taxable","13":"product-type-external"},"_links":{"self":[{"href":"https:\/\/lastenkamari.fi\/index.php?rest_route=\/wp\/v2\/product\/323","targetHints":{"allow":["GET"]}}],"collection":[{"href":"https:\/\/lastenkamari.fi\/index.php?rest_route=\/wp\/v2\/product"}],"about":[{"href":"https:\/\/lastenkamari.fi\/index.php?rest_route=\/wp\/v2\/types\/product"}],"replies":[{"embeddable":true,"href":"https:\/\/lastenkamari.fi\/index.php?rest_route=%2Fwp%2Fv2%2Fcomments&post=323"}],"wp:featuredmedia":[{"embeddable":true,"href":"https:\/\/lastenkamari.fi\/index.php?rest_route=\/wp\/v2\/media\/324"}],"wp:attachment":[{"href":"https:\/\/lastenkamari.fi\/index.php?rest_route=%2Fwp%2Fv2%2Fmedia&parent=323"}],"wp:term":[{"taxonomy":"product_brand","embeddable":true,"href":"https:\/\/lastenkamari.fi\/index.php?rest_route=%2Fwp%2Fv2%2Fproduct_brand&post=323"},{"taxonomy":"product_cat","embeddable":true,"href":"https:\/\/lastenkamari.fi\/index.php?rest_route=%2Fwp%2Fv2%2Fproduct_cat&post=323"},{"taxonomy":"product_tag","embeddable":true,"href":"https:\/\/lastenkamari.fi\/index.php?rest_route=%2Fwp%2Fv2%2Fproduct_tag&post=323"}],"curies":[{"name":"wp","href":"https:\/\/api.w.org\/{rel}","templated":true}]}}