{"id":325,"date":"2026-04-28T10:12:40","date_gmt":"2026-04-28T10:12:40","guid":{"rendered":"https:\/\/lastenkamari.fi\/?post_type=product&#038;p=325"},"modified":"2026-04-28T10:12:41","modified_gmt":"2026-04-28T10:12:41","slug":"rib-wrap-body-poppy-56","status":"publish","type":"product","link":"https:\/\/lastenkamari.fi\/?product=rib-wrap-body-poppy-56","title":{"rendered":"Rib Wrap -Body | Poppy &#8211; 56"},"content":{"rendered":"<p>Rib kietaisu body on t\u00e4ydellinen vaate perheen pienimmille. Bodyn punainen s\u00e4vy sopii on t\u00e4ydellinen talven juhlakauteen. Body on valmistettu kest\u00e4v\u00e4st\u00e4, joustavasta ja miellytt\u00e4v\u00e4n tuntuisesta luomupuuvillasta. T\u00e4ss\u00e4 vauvojen bodyss\u00e4 on napit olalla, haaraosassa ja kyljess\u00e4 helpottamassa pukemista.<br \/>\nMik\u00e4li et ole varma oikeasta koosta, suosittelemme katsomaan apua kokotaulukosta.<\/p>\n","protected":false},"excerpt":{"rendered":"<p>Rib kietaisu body on t\u00e4ydellinen vaate perheen pienimmille. Bodyn punainen s\u00e4vy sopii on t\u00e4ydellinen talven juhlakauteen. Body on valmistettu kest\u00e4v\u00e4st\u00e4, joustavasta ja miellytt\u00e4v\u00e4n tuntuisesta luomupuuvillasta. T\u00e4ss\u00e4 vauvojen bodyss\u00e4 on napit olalla, haaraosassa ja kyljess\u00e4 helpottamassa pukemista. Mik\u00e4li et ole varma oikeasta koosta, suosittelemme katsomaan apua kokotaulukosta.<\/p>\n","protected":false},"featured_media":326,"comment_status":"open","ping_status":"closed","template":"","meta":[],"product_brand":[46],"product_cat":[40],"product_tag":[26],"class_list":{"0":"post-325","1":"product","2":"type-product","3":"status-publish","4":"has-post-thumbnail","6":"product_brand-made-of-dreams","7":"product_cat-lastenvaatteet","8":"product_tag-metsola","10":"first","11":"instock","12":"shipping-taxable","13":"product-type-external"},"_links":{"self":[{"href":"https:\/\/lastenkamari.fi\/index.php?rest_route=\/wp\/v2\/product\/325","targetHints":{"allow":["GET"]}}],"collection":[{"href":"https:\/\/lastenkamari.fi\/index.php?rest_route=\/wp\/v2\/product"}],"about":[{"href":"https:\/\/lastenkamari.fi\/index.php?rest_route=\/wp\/v2\/types\/product"}],"replies":[{"embeddable":true,"href":"https:\/\/lastenkamari.fi\/index.php?rest_route=%2Fwp%2Fv2%2Fcomments&post=325"}],"wp:featuredmedia":[{"embeddable":true,"href":"https:\/\/lastenkamari.fi\/index.php?rest_route=\/wp\/v2\/media\/326"}],"wp:attachment":[{"href":"https:\/\/lastenkamari.fi\/index.php?rest_route=%2Fwp%2Fv2%2Fmedia&parent=325"}],"wp:term":[{"taxonomy":"product_brand","embeddable":true,"href":"https:\/\/lastenkamari.fi\/index.php?rest_route=%2Fwp%2Fv2%2Fproduct_brand&post=325"},{"taxonomy":"product_cat","embeddable":true,"href":"https:\/\/lastenkamari.fi\/index.php?rest_route=%2Fwp%2Fv2%2Fproduct_cat&post=325"},{"taxonomy":"product_tag","embeddable":true,"href":"https:\/\/lastenkamari.fi\/index.php?rest_route=%2Fwp%2Fv2%2Fproduct_tag&post=325"}],"curies":[{"name":"wp","href":"https:\/\/api.w.org\/{rel}","templated":true}]}}