{"id":341,"date":"2026-04-28T10:12:46","date_gmt":"2026-04-28T10:12:46","guid":{"rendered":"https:\/\/lastenkamari.fi\/?post_type=product&#038;p=341"},"modified":"2026-04-28T10:12:47","modified_gmt":"2026-04-28T10:12:47","slug":"romper-cream-56","status":"publish","type":"product","link":"https:\/\/lastenkamari.fi\/?product=romper-cream-56","title":{"rendered":"Romper | Cream &#8211; 56"},"content":{"rendered":"<p>T\u00e4m\u00e4 suloinen vauvan romper on t\u00e4ydellinen yhdistelm\u00e4 mukavuutta ja tyylik\u00e4st\u00e4 yksinkertaisuutta. Valmistettu 100 % luomupuuvillaisesta double face -kankaasta, se tuntuu erityisen pehme\u00e4lt\u00e4 vauvan ihoa vasten ja tarjoaa kauniin, hienovaraisen struktuurin.<br \/>\nRomperin ajaton Cream-s\u00e4vy tekee siit\u00e4 helposti yhdistelt\u00e4v\u00e4n vaatekaapin perusosan. Mukava v\u00e4lj\u00e4 istuvuus antaa tilaa liikkua, ja k\u00e4tev\u00e4t nepparikiinnitykset haarassa helpottavat pukemista.<br \/>\nT\u00e4ydellinen pehmeisiin p\u00e4iviin ja pieniin seikkailuihin \u2013 suloinen ja k\u00e4yt\u00e4nn\u00f6llinen romper vauvalle!<br \/>\nMik\u00e4li et ole varma oikeasta koosta, suosittelemme katsomaan apua kokotaulukosta.<\/p>\n","protected":false},"excerpt":{"rendered":"<p>T\u00e4m\u00e4 suloinen vauvan romper on t\u00e4ydellinen yhdistelm\u00e4 mukavuutta ja tyylik\u00e4st\u00e4 yksinkertaisuutta. Valmistettu 100 % luomupuuvillaisesta double face -kankaasta, se tuntuu erityisen pehme\u00e4lt\u00e4 vauvan ihoa vasten ja tarjoaa kauniin, hienovaraisen struktuurin. Romperin ajaton Cream-s\u00e4vy tekee siit\u00e4 helposti yhdistelt\u00e4v\u00e4n vaatekaapin perusosan. Mukava v\u00e4lj\u00e4 istuvuus antaa tilaa liikkua, ja k\u00e4tev\u00e4t nepparikiinnitykset haarassa helpottavat [&hellip;]<\/p>\n","protected":false},"featured_media":342,"comment_status":"open","ping_status":"closed","template":"","meta":[],"product_brand":[49],"product_cat":[40],"product_tag":[26],"class_list":{"0":"post-341","1":"product","2":"type-product","3":"status-publish","4":"has-post-thumbnail","6":"product_brand-wonders-of-life","7":"product_cat-lastenvaatteet","8":"product_tag-metsola","10":"first","11":"instock","12":"shipping-taxable","13":"product-type-external"},"_links":{"self":[{"href":"https:\/\/lastenkamari.fi\/index.php?rest_route=\/wp\/v2\/product\/341","targetHints":{"allow":["GET"]}}],"collection":[{"href":"https:\/\/lastenkamari.fi\/index.php?rest_route=\/wp\/v2\/product"}],"about":[{"href":"https:\/\/lastenkamari.fi\/index.php?rest_route=\/wp\/v2\/types\/product"}],"replies":[{"embeddable":true,"href":"https:\/\/lastenkamari.fi\/index.php?rest_route=%2Fwp%2Fv2%2Fcomments&post=341"}],"wp:featuredmedia":[{"embeddable":true,"href":"https:\/\/lastenkamari.fi\/index.php?rest_route=\/wp\/v2\/media\/342"}],"wp:attachment":[{"href":"https:\/\/lastenkamari.fi\/index.php?rest_route=%2Fwp%2Fv2%2Fmedia&parent=341"}],"wp:term":[{"taxonomy":"product_brand","embeddable":true,"href":"https:\/\/lastenkamari.fi\/index.php?rest_route=%2Fwp%2Fv2%2Fproduct_brand&post=341"},{"taxonomy":"product_cat","embeddable":true,"href":"https:\/\/lastenkamari.fi\/index.php?rest_route=%2Fwp%2Fv2%2Fproduct_cat&post=341"},{"taxonomy":"product_tag","embeddable":true,"href":"https:\/\/lastenkamari.fi\/index.php?rest_route=%2Fwp%2Fv2%2Fproduct_tag&post=341"}],"curies":[{"name":"wp","href":"https:\/\/api.w.org\/{rel}","templated":true}]}}