{"id":385,"date":"2026-04-28T10:13:04","date_gmt":"2026-04-28T10:13:04","guid":{"rendered":"https:\/\/lastenkamari.fi\/?post_type=product&#038;p=385"},"modified":"2026-04-28T10:13:04","modified_gmt":"2026-04-28T10:13:04","slug":"fun-day-body-sand-56","status":"publish","type":"product","link":"https:\/\/lastenkamari.fi\/?product=fun-day-body-sand-56","title":{"rendered":"Fun Day -Body |  Sand &#8211; 56"},"content":{"rendered":"<p>Pilvien yll\u00e4 ja mielikuvituksen siivitt\u00e4m\u00e4n\u00e4 seikkailee Henna Adelin piirt\u00e4m\u00e4\u00a0Fun Day -kuosin lent\u00e4j\u00e4kettu. Kuosi on leikkis\u00e4, lempe\u00e4 ja t\u00e4ynn\u00e4 tarinoita \u2013 se kutsuu mukaan arjen seikkailuihin, nauruun ja hetkiin, joissa mielikuvitus saa lent\u00e4\u00e4 vapaasti.<br \/>\nFun Day -kuosinen body on mukava ja k\u00e4yt\u00e4nn\u00f6llinen valinta vauvan arkeen. Body on valmistettu luomupuuvillaisesta trikoosta, joka joustaa sopivasti ja tuntuu pehme\u00e4lt\u00e4 ihoa vasten. Nepparit olkap\u00e4\u00e4ll\u00e4 ja haarassa helpottavat pukemista ja vaipanvaihtoa. Hyvin istuva malli pysyy hyvin p\u00e4\u00e4ll\u00e4 ja tekee liikkumisesta helppoa.\u00a0<br \/>\nMik\u00e4li et ole varma oikeasta koosta, suosittelemme katsomaan apua kokotaulukosta.<\/p>\n","protected":false},"excerpt":{"rendered":"<p>Pilvien yll\u00e4 ja mielikuvituksen siivitt\u00e4m\u00e4n\u00e4 seikkailee Henna Adelin piirt\u00e4m\u00e4\u00a0Fun Day -kuosin lent\u00e4j\u00e4kettu. Kuosi on leikkis\u00e4, lempe\u00e4 ja t\u00e4ynn\u00e4 tarinoita \u2013 se kutsuu mukaan arjen seikkailuihin, nauruun ja hetkiin, joissa mielikuvitus saa lent\u00e4\u00e4 vapaasti. Fun Day -kuosinen body on mukava ja k\u00e4yt\u00e4nn\u00f6llinen valinta vauvan arkeen. Body on valmistettu luomupuuvillaisesta trikoosta, joka [&hellip;]<\/p>\n","protected":false},"featured_media":386,"comment_status":"open","ping_status":"closed","template":"","meta":[],"product_brand":[51],"product_cat":[40],"product_tag":[26],"class_list":{"0":"post-385","1":"product","2":"type-product","3":"status-publish","4":"has-post-thumbnail","6":"product_brand-circus-of-my-life","7":"product_cat-lastenvaatteet","8":"product_tag-metsola","10":"first","11":"instock","12":"shipping-taxable","13":"product-type-external"},"_links":{"self":[{"href":"https:\/\/lastenkamari.fi\/index.php?rest_route=\/wp\/v2\/product\/385","targetHints":{"allow":["GET"]}}],"collection":[{"href":"https:\/\/lastenkamari.fi\/index.php?rest_route=\/wp\/v2\/product"}],"about":[{"href":"https:\/\/lastenkamari.fi\/index.php?rest_route=\/wp\/v2\/types\/product"}],"replies":[{"embeddable":true,"href":"https:\/\/lastenkamari.fi\/index.php?rest_route=%2Fwp%2Fv2%2Fcomments&post=385"}],"wp:featuredmedia":[{"embeddable":true,"href":"https:\/\/lastenkamari.fi\/index.php?rest_route=\/wp\/v2\/media\/386"}],"wp:attachment":[{"href":"https:\/\/lastenkamari.fi\/index.php?rest_route=%2Fwp%2Fv2%2Fmedia&parent=385"}],"wp:term":[{"taxonomy":"product_brand","embeddable":true,"href":"https:\/\/lastenkamari.fi\/index.php?rest_route=%2Fwp%2Fv2%2Fproduct_brand&post=385"},{"taxonomy":"product_cat","embeddable":true,"href":"https:\/\/lastenkamari.fi\/index.php?rest_route=%2Fwp%2Fv2%2Fproduct_cat&post=385"},{"taxonomy":"product_tag","embeddable":true,"href":"https:\/\/lastenkamari.fi\/index.php?rest_route=%2Fwp%2Fv2%2Fproduct_tag&post=385"}],"curies":[{"name":"wp","href":"https:\/\/api.w.org\/{rel}","templated":true}]}}