{"id":39,"date":"2026-04-28T10:11:04","date_gmt":"2026-04-28T10:11:04","guid":{"rendered":"https:\/\/lastenkamari.fi\/?post_type=product&#038;p=39"},"modified":"2026-04-28T10:11:04","modified_gmt":"2026-04-28T10:11:04","slug":"alley-pleat-skirt-hame-lily-xs","status":"publish","type":"product","link":"https:\/\/lastenkamari.fi\/?product=alley-pleat-skirt-hame-lily-xs","title":{"rendered":"Alley Pleat Skirt -Hame | Lily &#8211; XS"},"content":{"rendered":"<p>My Happy Place -mallisto syntyi onnellisuuden tunteesta \u2013 hetkist\u00e4, jolloin kes\u00e4 tuntuu jo iholla, ilma v\u00e4reilee l\u00e4mp\u00f6n\u00e4 ja v\u00e4rit hehkuvat ymp\u00e4rill\u00e4. T\u00e4m\u00e4 mallisto kutsuu sinut unelmiesi paikkaan, jossa vain taivas on rajana.<br \/>\nAlley Lily &#8211; s\u00e4vyinen pitk\u00e4 hame yhdist\u00e4\u00e4 klassisen siluetin ja modernin kuosin, jossa vesiv\u00e4rein maalattu aaltoileva raita tuo graafista ilmett\u00e4 asuusi. T\u00e4m\u00e4 midimittainen viskoosihame laskeutuu kauniisti ja tuntuu iholla kevyelt\u00e4 ja ilmavalta. Viskoosin lis\u00e4ksi materiaalissa on polyamidia, mik\u00e4 v\u00e4hent\u00e4\u00e4 kutistumista ja tekee kankaasta kest\u00e4v\u00e4mm\u00e4n. Vy\u00f6t\u00e4r\u00f6ll\u00e4 on edess\u00e4 kauniit laskokset ja takana joustava kuminauha, joka takaa miellytt\u00e4v\u00e4n istuvuuden ja monik\u00e4ytt\u00f6isyyden \u2013 yhdist\u00e4 vaikka rentoon puuvillaneuleeseen.<br \/>\nKuosin kohdistus on jokaisessa tuotteessa yksil\u00f6llinen. Mik\u00e4li et ole varma oikeasta koosta, suosittelemme katsomaan apua kokotaulukosta.<\/p>\n","protected":false},"excerpt":{"rendered":"<p>My Happy Place -mallisto syntyi onnellisuuden tunteesta \u2013 hetkist\u00e4, jolloin kes\u00e4 tuntuu jo iholla, ilma v\u00e4reilee l\u00e4mp\u00f6n\u00e4 ja v\u00e4rit hehkuvat ymp\u00e4rill\u00e4. T\u00e4m\u00e4 mallisto kutsuu sinut unelmiesi paikkaan, jossa vain taivas on rajana. Alley Lily &#8211; s\u00e4vyinen pitk\u00e4 hame yhdist\u00e4\u00e4 klassisen siluetin ja modernin kuosin, jossa vesiv\u00e4rein maalattu aaltoileva raita tuo [&hellip;]<\/p>\n","protected":false},"featured_media":40,"comment_status":"open","ping_status":"closed","template":"","meta":[],"product_brand":[27],"product_cat":[25],"product_tag":[26],"class_list":{"0":"post-39","1":"product","2":"type-product","3":"status-publish","4":"has-post-thumbnail","6":"product_brand-my-happy-place-women","7":"product_cat-aikuisten-vaatteet","8":"product_tag-metsola","10":"first","11":"instock","12":"shipping-taxable","13":"product-type-external"},"_links":{"self":[{"href":"https:\/\/lastenkamari.fi\/index.php?rest_route=\/wp\/v2\/product\/39","targetHints":{"allow":["GET"]}}],"collection":[{"href":"https:\/\/lastenkamari.fi\/index.php?rest_route=\/wp\/v2\/product"}],"about":[{"href":"https:\/\/lastenkamari.fi\/index.php?rest_route=\/wp\/v2\/types\/product"}],"replies":[{"embeddable":true,"href":"https:\/\/lastenkamari.fi\/index.php?rest_route=%2Fwp%2Fv2%2Fcomments&post=39"}],"wp:featuredmedia":[{"embeddable":true,"href":"https:\/\/lastenkamari.fi\/index.php?rest_route=\/wp\/v2\/media\/40"}],"wp:attachment":[{"href":"https:\/\/lastenkamari.fi\/index.php?rest_route=%2Fwp%2Fv2%2Fmedia&parent=39"}],"wp:term":[{"taxonomy":"product_brand","embeddable":true,"href":"https:\/\/lastenkamari.fi\/index.php?rest_route=%2Fwp%2Fv2%2Fproduct_brand&post=39"},{"taxonomy":"product_cat","embeddable":true,"href":"https:\/\/lastenkamari.fi\/index.php?rest_route=%2Fwp%2Fv2%2Fproduct_cat&post=39"},{"taxonomy":"product_tag","embeddable":true,"href":"https:\/\/lastenkamari.fi\/index.php?rest_route=%2Fwp%2Fv2%2Fproduct_tag&post=39"}],"curies":[{"name":"wp","href":"https:\/\/api.w.org\/{rel}","templated":true}]}}