{"id":443,"date":"2026-04-28T10:13:23","date_gmt":"2026-04-28T10:13:23","guid":{"rendered":"https:\/\/lastenkamari.fi\/?post_type=product&#038;p=443"},"modified":"2026-04-28T10:13:24","modified_gmt":"2026-04-28T10:13:24","slug":"heart-song-rib-playsuit-haalari-poppy-50-56","status":"publish","type":"product","link":"https:\/\/lastenkamari.fi\/?product=heart-song-rib-playsuit-haalari-poppy-50-56","title":{"rendered":"Heart Song Rib Playsuit -Haalari | Poppy &#8211; 50\/56"},"content":{"rendered":"<p>Tervetuloa talvi ja sen mukana tuleva juhlakausi! Made of Dreams -mallistomme on t\u00e4ynn\u00e4 talven ja joulun taikaa. \u2764\ufe0e<br \/>\nT\u00e4ss\u00e4 haalariasussa Metsolan syd\u00e4n n\u00e4kyy ja tuntuu! \u2764\ufe0e Playsuit on erityisesti perheen pienimmille suunniteltu puku, jonka materiaali on uusi todella pehme\u00e4 rib-kangas. Haalariasun materiaali on hieman kevyempi luomupuuvilla. Puvussa on huppu ja k\u00e4yt\u00e4nn\u00f6llinen lahkeeseen saakka ulottuva vetoketju, mik\u00e4 tekee pukemisesta vaivatonta ja helppoa.<br \/>\nKuosin kohdistus on jokaisessa tuotteessa yksil\u00f6llinen. Mik\u00e4li et ole varma oikeasta koosta, suosittelemme katsomaan apua kokotaulukosta.<\/p>\n","protected":false},"excerpt":{"rendered":"<p>Tervetuloa talvi ja sen mukana tuleva juhlakausi! Made of Dreams -mallistomme on t\u00e4ynn\u00e4 talven ja joulun taikaa. \u2764\ufe0e T\u00e4ss\u00e4 haalariasussa Metsolan syd\u00e4n n\u00e4kyy ja tuntuu! \u2764\ufe0e Playsuit on erityisesti perheen pienimmille suunniteltu puku, jonka materiaali on uusi todella pehme\u00e4 rib-kangas. Haalariasun materiaali on hieman kevyempi luomupuuvilla. Puvussa on huppu ja [&hellip;]<\/p>\n","protected":false},"featured_media":444,"comment_status":"open","ping_status":"closed","template":"","meta":[],"product_brand":[46],"product_cat":[40],"product_tag":[26],"class_list":{"0":"post-443","1":"product","2":"type-product","3":"status-publish","4":"has-post-thumbnail","6":"product_brand-made-of-dreams","7":"product_cat-lastenvaatteet","8":"product_tag-metsola","10":"first","11":"instock","12":"shipping-taxable","13":"product-type-external"},"_links":{"self":[{"href":"https:\/\/lastenkamari.fi\/index.php?rest_route=\/wp\/v2\/product\/443","targetHints":{"allow":["GET"]}}],"collection":[{"href":"https:\/\/lastenkamari.fi\/index.php?rest_route=\/wp\/v2\/product"}],"about":[{"href":"https:\/\/lastenkamari.fi\/index.php?rest_route=\/wp\/v2\/types\/product"}],"replies":[{"embeddable":true,"href":"https:\/\/lastenkamari.fi\/index.php?rest_route=%2Fwp%2Fv2%2Fcomments&post=443"}],"wp:featuredmedia":[{"embeddable":true,"href":"https:\/\/lastenkamari.fi\/index.php?rest_route=\/wp\/v2\/media\/444"}],"wp:attachment":[{"href":"https:\/\/lastenkamari.fi\/index.php?rest_route=%2Fwp%2Fv2%2Fmedia&parent=443"}],"wp:term":[{"taxonomy":"product_brand","embeddable":true,"href":"https:\/\/lastenkamari.fi\/index.php?rest_route=%2Fwp%2Fv2%2Fproduct_brand&post=443"},{"taxonomy":"product_cat","embeddable":true,"href":"https:\/\/lastenkamari.fi\/index.php?rest_route=%2Fwp%2Fv2%2Fproduct_cat&post=443"},{"taxonomy":"product_tag","embeddable":true,"href":"https:\/\/lastenkamari.fi\/index.php?rest_route=%2Fwp%2Fv2%2Fproduct_tag&post=443"}],"curies":[{"name":"wp","href":"https:\/\/api.w.org\/{rel}","templated":true}]}}