{"id":45,"date":"2026-04-28T10:11:05","date_gmt":"2026-04-28T10:11:05","guid":{"rendered":"https:\/\/lastenkamari.fi\/?post_type=product&#038;p=45"},"modified":"2026-04-28T10:11:06","modified_gmt":"2026-04-28T10:11:06","slug":"jacquard-circle-skirt-hame-neon-pink-xs","status":"publish","type":"product","link":"https:\/\/lastenkamari.fi\/?product=jacquard-circle-skirt-hame-neon-pink-xs","title":{"rendered":"Jacquard Circle Skirt -Hame | Neon Pink &#8211; XS"},"content":{"rendered":"<p>Jacquard Circle Skirt -kellohame tuo tyyliisi juhlavuutta ja leikkisyytt\u00e4 yhdell\u00e4 silm\u00e4yksell\u00e4. Herkullisen neonpinkki s\u00e4vy ja italialainen jacquard-kangas luovat ainutlaatuisen yhdistelm\u00e4n rohkeutta ja hienostuneisuutta.<br \/>\nMidimittainen, kellomainen helma liikkuu kauniisti ja tuo asuun n\u00e4ytt\u00e4vyytt\u00e4 &#8211; yhdist\u00e4 yksinkertaiseen yl\u00e4osaan tai viimeistele asu yhteensopivalla Wrap Top -Kietaisupaidalla. Hameessa on vy\u00f6t\u00e4r\u00f6\u00e4 korostava leikkaus ja vetoketjukiinnitys.<br \/>\nMik\u00e4li et ole varma oikeasta koosta, suosittelemme katsomaan apua kokotaulukosta.<\/p>\n","protected":false},"excerpt":{"rendered":"<p>Jacquard Circle Skirt -kellohame tuo tyyliisi juhlavuutta ja leikkisyytt\u00e4 yhdell\u00e4 silm\u00e4yksell\u00e4. Herkullisen neonpinkki s\u00e4vy ja italialainen jacquard-kangas luovat ainutlaatuisen yhdistelm\u00e4n rohkeutta ja hienostuneisuutta. Midimittainen, kellomainen helma liikkuu kauniisti ja tuo asuun n\u00e4ytt\u00e4vyytt\u00e4 &#8211; yhdist\u00e4 yksinkertaiseen yl\u00e4osaan tai viimeistele asu yhteensopivalla Wrap Top -Kietaisupaidalla. Hameessa on vy\u00f6t\u00e4r\u00f6\u00e4 korostava leikkaus ja vetoketjukiinnitys. [&hellip;]<\/p>\n","protected":false},"featured_media":46,"comment_status":"open","ping_status":"closed","template":"","meta":[],"product_brand":[29],"product_cat":[25],"product_tag":[26],"class_list":{"0":"post-45","1":"product","2":"type-product","3":"status-publish","4":"has-post-thumbnail","6":"product_brand-more-love","7":"product_cat-aikuisten-vaatteet","8":"product_tag-metsola","10":"first","11":"instock","12":"shipping-taxable","13":"product-type-external"},"_links":{"self":[{"href":"https:\/\/lastenkamari.fi\/index.php?rest_route=\/wp\/v2\/product\/45","targetHints":{"allow":["GET"]}}],"collection":[{"href":"https:\/\/lastenkamari.fi\/index.php?rest_route=\/wp\/v2\/product"}],"about":[{"href":"https:\/\/lastenkamari.fi\/index.php?rest_route=\/wp\/v2\/types\/product"}],"replies":[{"embeddable":true,"href":"https:\/\/lastenkamari.fi\/index.php?rest_route=%2Fwp%2Fv2%2Fcomments&post=45"}],"wp:featuredmedia":[{"embeddable":true,"href":"https:\/\/lastenkamari.fi\/index.php?rest_route=\/wp\/v2\/media\/46"}],"wp:attachment":[{"href":"https:\/\/lastenkamari.fi\/index.php?rest_route=%2Fwp%2Fv2%2Fmedia&parent=45"}],"wp:term":[{"taxonomy":"product_brand","embeddable":true,"href":"https:\/\/lastenkamari.fi\/index.php?rest_route=%2Fwp%2Fv2%2Fproduct_brand&post=45"},{"taxonomy":"product_cat","embeddable":true,"href":"https:\/\/lastenkamari.fi\/index.php?rest_route=%2Fwp%2Fv2%2Fproduct_cat&post=45"},{"taxonomy":"product_tag","embeddable":true,"href":"https:\/\/lastenkamari.fi\/index.php?rest_route=%2Fwp%2Fv2%2Fproduct_tag&post=45"}],"curies":[{"name":"wp","href":"https:\/\/api.w.org\/{rel}","templated":true}]}}