{"id":475,"date":"2026-04-28T10:13:31","date_gmt":"2026-04-28T10:13:31","guid":{"rendered":"https:\/\/lastenkamari.fi\/?post_type=product&#038;p=475"},"modified":"2026-04-28T10:13:31","modified_gmt":"2026-04-28T10:13:31","slug":"bunny-soft-green-jumpsuit-50-56","status":"publish","type":"product","link":"https:\/\/lastenkamari.fi\/?product=bunny-soft-green-jumpsuit-50-56","title":{"rendered":"Bunny Soft Green -Jumpsuit &#8211; 50\/56"},"content":{"rendered":"<p>Bunny Soft Green -jumpsuit on osa hurmaavaa Little Spring Bunnies -mallistoa, jossa Henna Adelin k\u00e4sin maalaamat puput tuovat leikkisyytt\u00e4 ja iloa kev\u00e4\u00e4n pukeutumiseen. Raikas ja hillitty Soft Green -s\u00e4vy tekee jumpsuitista kauniin ja ajattoman valinnan.<br \/>\nHaalariasussa n\u00e4hd\u00e4\u00e4n n\u00e4ytt\u00e4v\u00e4 pupukuosi, joka tuo asuun persoonallisuutta ja tekee siit\u00e4 todellisen katseenvangitsijan. Pehme\u00e4 luomupuuvillainen college tuntuu miellytt\u00e4v\u00e4lt\u00e4 p\u00e4\u00e4ll\u00e4 ja tarjoaa hieman enemm\u00e4n l\u00e4mp\u00f6\u00e4, tehden mallista t\u00e4ydellisen viile\u00e4mpiin kev\u00e4tp\u00e4iviin.<br \/>\nMukava ja k\u00e4yt\u00e4nn\u00f6llinen jumpsuit toimii sellaisenaan, mutta on my\u00f6s helppo yhdist\u00e4\u00e4 malliston muihin tuotteisiin kerrospukeutumisessa.<br \/>\nKuosin kohdistus on jokaisessa tuotteessa yksil\u00f6llinen. Mik\u00e4li et ole varma oikeasta koosta, suosittelemme katsomaan apua kokotaulukosta.<\/p>\n","protected":false},"excerpt":{"rendered":"<p>Bunny Soft Green -jumpsuit on osa hurmaavaa Little Spring Bunnies -mallistoa, jossa Henna Adelin k\u00e4sin maalaamat puput tuovat leikkisyytt\u00e4 ja iloa kev\u00e4\u00e4n pukeutumiseen. Raikas ja hillitty Soft Green -s\u00e4vy tekee jumpsuitista kauniin ja ajattoman valinnan. Haalariasussa n\u00e4hd\u00e4\u00e4n n\u00e4ytt\u00e4v\u00e4 pupukuosi, joka tuo asuun persoonallisuutta ja tekee siit\u00e4 todellisen katseenvangitsijan. Pehme\u00e4 luomupuuvillainen [&hellip;]<\/p>\n","protected":false},"featured_media":476,"comment_status":"open","ping_status":"closed","template":"","meta":[],"product_brand":[52],"product_cat":[40],"product_tag":[26],"class_list":{"0":"post-475","1":"product","2":"type-product","3":"status-publish","4":"has-post-thumbnail","6":"product_brand-little-spring-bunnies","7":"product_cat-lastenvaatteet","8":"product_tag-metsola","10":"first","11":"instock","12":"shipping-taxable","13":"product-type-external"},"_links":{"self":[{"href":"https:\/\/lastenkamari.fi\/index.php?rest_route=\/wp\/v2\/product\/475","targetHints":{"allow":["GET"]}}],"collection":[{"href":"https:\/\/lastenkamari.fi\/index.php?rest_route=\/wp\/v2\/product"}],"about":[{"href":"https:\/\/lastenkamari.fi\/index.php?rest_route=\/wp\/v2\/types\/product"}],"replies":[{"embeddable":true,"href":"https:\/\/lastenkamari.fi\/index.php?rest_route=%2Fwp%2Fv2%2Fcomments&post=475"}],"wp:featuredmedia":[{"embeddable":true,"href":"https:\/\/lastenkamari.fi\/index.php?rest_route=\/wp\/v2\/media\/476"}],"wp:attachment":[{"href":"https:\/\/lastenkamari.fi\/index.php?rest_route=%2Fwp%2Fv2%2Fmedia&parent=475"}],"wp:term":[{"taxonomy":"product_brand","embeddable":true,"href":"https:\/\/lastenkamari.fi\/index.php?rest_route=%2Fwp%2Fv2%2Fproduct_brand&post=475"},{"taxonomy":"product_cat","embeddable":true,"href":"https:\/\/lastenkamari.fi\/index.php?rest_route=%2Fwp%2Fv2%2Fproduct_cat&post=475"},{"taxonomy":"product_tag","embeddable":true,"href":"https:\/\/lastenkamari.fi\/index.php?rest_route=%2Fwp%2Fv2%2Fproduct_tag&post=475"}],"curies":[{"name":"wp","href":"https:\/\/api.w.org\/{rel}","templated":true}]}}