{"id":51,"date":"2026-04-28T10:11:08","date_gmt":"2026-04-28T10:11:08","guid":{"rendered":"https:\/\/lastenkamari.fi\/?post_type=product&#038;p=51"},"modified":"2026-04-28T10:11:09","modified_gmt":"2026-04-28T10:11:09","slug":"jacquard-circle-skirt-kellohame-xs","status":"publish","type":"product","link":"https:\/\/lastenkamari.fi\/?product=jacquard-circle-skirt-kellohame-xs","title":{"rendered":"Jacquard Circle Skirt -kellohame &#8211; XS"},"content":{"rendered":"<p>Jacquard Circle Skirt -kellohame on elegantti ja ajaton hame, jossa kauniisti laskeutuva kellomainen siluetti tuo asuun liikett\u00e4 ja n\u00e4ytt\u00e4vyytt\u00e4. Strukturoitu jacquard-kangas antaa hameelle ryhti\u00e4 ja viimeistellyn ilmeen.<br \/>\nT\u00e4m\u00e4 C\u2019est la vie! -malliston midimittainen hame on suunniteltu helposti yhdistelt\u00e4v\u00e4ksi niin n\u00e4ytt\u00e4viin kuoseihin kuin minimalistisiin yl\u00e4osiin. Se toimii t\u00e4ydellisesti niin arjessa kuin juhlavammissa hetkiss\u00e4.<br \/>\nAjaton malli ja laadukas materiaali tekev\u00e4t t\u00e4st\u00e4 vaatekaapin monik\u00e4ytt\u00f6isen kulmakiven.<br \/>\nKuosin kohdistus on jokaisessa tuotteessa yksil\u00f6llinen. Mik\u00e4li et ole varma oikeasta koosta, suosittelemme katsomaan apua kokotaulukosta.<\/p>\n","protected":false},"excerpt":{"rendered":"<p>Jacquard Circle Skirt -kellohame on elegantti ja ajaton hame, jossa kauniisti laskeutuva kellomainen siluetti tuo asuun liikett\u00e4 ja n\u00e4ytt\u00e4vyytt\u00e4. Strukturoitu jacquard-kangas antaa hameelle ryhti\u00e4 ja viimeistellyn ilmeen. T\u00e4m\u00e4 C\u2019est la vie! -malliston midimittainen hame on suunniteltu helposti yhdistelt\u00e4v\u00e4ksi niin n\u00e4ytt\u00e4viin kuoseihin kuin minimalistisiin yl\u00e4osiin. Se toimii t\u00e4ydellisesti niin arjessa kuin [&hellip;]<\/p>\n","protected":false},"featured_media":52,"comment_status":"open","ping_status":"closed","template":"","meta":[],"product_brand":[30],"product_cat":[25],"product_tag":[26],"class_list":{"0":"post-51","1":"product","2":"type-product","3":"status-publish","4":"has-post-thumbnail","6":"product_brand-cest-la-vie","7":"product_cat-aikuisten-vaatteet","8":"product_tag-metsola","10":"first","11":"instock","12":"shipping-taxable","13":"product-type-external"},"_links":{"self":[{"href":"https:\/\/lastenkamari.fi\/index.php?rest_route=\/wp\/v2\/product\/51","targetHints":{"allow":["GET"]}}],"collection":[{"href":"https:\/\/lastenkamari.fi\/index.php?rest_route=\/wp\/v2\/product"}],"about":[{"href":"https:\/\/lastenkamari.fi\/index.php?rest_route=\/wp\/v2\/types\/product"}],"replies":[{"embeddable":true,"href":"https:\/\/lastenkamari.fi\/index.php?rest_route=%2Fwp%2Fv2%2Fcomments&post=51"}],"wp:featuredmedia":[{"embeddable":true,"href":"https:\/\/lastenkamari.fi\/index.php?rest_route=\/wp\/v2\/media\/52"}],"wp:attachment":[{"href":"https:\/\/lastenkamari.fi\/index.php?rest_route=%2Fwp%2Fv2%2Fmedia&parent=51"}],"wp:term":[{"taxonomy":"product_brand","embeddable":true,"href":"https:\/\/lastenkamari.fi\/index.php?rest_route=%2Fwp%2Fv2%2Fproduct_brand&post=51"},{"taxonomy":"product_cat","embeddable":true,"href":"https:\/\/lastenkamari.fi\/index.php?rest_route=%2Fwp%2Fv2%2Fproduct_cat&post=51"},{"taxonomy":"product_tag","embeddable":true,"href":"https:\/\/lastenkamari.fi\/index.php?rest_route=%2Fwp%2Fv2%2Fproduct_tag&post=51"}],"curies":[{"name":"wp","href":"https:\/\/api.w.org\/{rel}","templated":true}]}}