{"id":535,"date":"2026-04-28T10:13:51","date_gmt":"2026-04-28T10:13:51","guid":{"rendered":"https:\/\/lastenkamari.fi\/?post_type=product&#038;p=535"},"modified":"2026-04-28T10:13:52","modified_gmt":"2026-04-28T10:13:52","slug":"merino-knit-villaleggingsit-rosy-74-80","status":"publish","type":"product","link":"https:\/\/lastenkamari.fi\/?product=merino-knit-villaleggingsit-rosy-74-80","title":{"rendered":"Merino Knit -villaleggingsit | Rosy &#8211; 74\/80"},"content":{"rendered":"<p>Metsola kutsuu seikkailuun True Campers -malliston mukana \ud83d\udda4 Luonnonrauhasta ja retkitunnelmasta inspiroitunut kokoelma hurmaa uusilla vaatemalleilla, laadukkailla materiaaleilla ja kauden s\u00e4vyjen runsaudella. T\u00e4m\u00e4 mallisto tuo iloa arkeen ja l\u00e4mp\u00f6\u00e4 viileisiin hetkiin.<br \/>\nIhastuttava Rosy on syv\u00e4 vaaleanpunainen s\u00e4vy, joka tuo pehmeytt\u00e4 ja l\u00e4mp\u00f6\u00e4 arjen asuihin. Merino Knit -villaleggingsit ovat uusi tuote valikoimassamme, ja ne on suunniteltu tarjoamaan lapselle sek\u00e4 mukavuutta ett\u00e4 tyylikkyytt\u00e4 viilein\u00e4 p\u00e4ivin\u00e4.<br \/>\nLeggingsit on valmistettu 100\u202f% mulesing-vapaasta merinovillasta, joka on luonnostaan l\u00e4mmin, hengitt\u00e4v\u00e4 ja miellytt\u00e4v\u00e4 my\u00f6s herkk\u00e4\u00e4 ihoa vasten. K\u00e4\u00e4nnett\u00e4v\u00e4t lahkeensuut antavat kasvunvaraa ja pident\u00e4v\u00e4t k\u00e4ytt\u00f6ik\u00e4\u00e4, kun taas kiristysny\u00f6ri vy\u00f6t\u00e4r\u00f6ll\u00e4 varmistaa hyv\u00e4n istuvuuden.<br \/>\nRosy-villaleggingsit ovat t\u00e4ydellinen valinta kerrospukeutumiseen, ulkoiluun tai sis\u00e4ll\u00e4 hengailuun \u2013 pehme\u00e4t, k\u00e4yt\u00e4nn\u00f6lliset ja ajattoman kauniit.<br \/>\nMik\u00e4li et ole varma oikeasta koosta, suosittelemme katsomaan apua kokotaulukosta.<\/p>\n","protected":false},"excerpt":{"rendered":"<p>Metsola kutsuu seikkailuun True Campers -malliston mukana \ud83d\udda4 Luonnonrauhasta ja retkitunnelmasta inspiroitunut kokoelma hurmaa uusilla vaatemalleilla, laadukkailla materiaaleilla ja kauden s\u00e4vyjen runsaudella. T\u00e4m\u00e4 mallisto tuo iloa arkeen ja l\u00e4mp\u00f6\u00e4 viileisiin hetkiin. Ihastuttava Rosy on syv\u00e4 vaaleanpunainen s\u00e4vy, joka tuo pehmeytt\u00e4 ja l\u00e4mp\u00f6\u00e4 arjen asuihin. Merino Knit -villaleggingsit ovat uusi tuote [&hellip;]<\/p>\n","protected":false},"featured_media":536,"comment_status":"open","ping_status":"closed","template":"","meta":[],"product_brand":[34],"product_cat":[40],"product_tag":[26],"class_list":{"0":"post-535","1":"product","2":"type-product","3":"status-publish","4":"has-post-thumbnail","6":"product_brand-true-campers","7":"product_cat-lastenvaatteet","8":"product_tag-metsola","10":"first","11":"instock","12":"shipping-taxable","13":"product-type-external"},"_links":{"self":[{"href":"https:\/\/lastenkamari.fi\/index.php?rest_route=\/wp\/v2\/product\/535","targetHints":{"allow":["GET"]}}],"collection":[{"href":"https:\/\/lastenkamari.fi\/index.php?rest_route=\/wp\/v2\/product"}],"about":[{"href":"https:\/\/lastenkamari.fi\/index.php?rest_route=\/wp\/v2\/types\/product"}],"replies":[{"embeddable":true,"href":"https:\/\/lastenkamari.fi\/index.php?rest_route=%2Fwp%2Fv2%2Fcomments&post=535"}],"wp:featuredmedia":[{"embeddable":true,"href":"https:\/\/lastenkamari.fi\/index.php?rest_route=\/wp\/v2\/media\/536"}],"wp:attachment":[{"href":"https:\/\/lastenkamari.fi\/index.php?rest_route=%2Fwp%2Fv2%2Fmedia&parent=535"}],"wp:term":[{"taxonomy":"product_brand","embeddable":true,"href":"https:\/\/lastenkamari.fi\/index.php?rest_route=%2Fwp%2Fv2%2Fproduct_brand&post=535"},{"taxonomy":"product_cat","embeddable":true,"href":"https:\/\/lastenkamari.fi\/index.php?rest_route=%2Fwp%2Fv2%2Fproduct_cat&post=535"},{"taxonomy":"product_tag","embeddable":true,"href":"https:\/\/lastenkamari.fi\/index.php?rest_route=%2Fwp%2Fv2%2Fproduct_tag&post=535"}],"curies":[{"name":"wp","href":"https:\/\/api.w.org\/{rel}","templated":true}]}}