{"id":537,"date":"2026-04-28T10:13:52","date_gmt":"2026-04-28T10:13:52","guid":{"rendered":"https:\/\/lastenkamari.fi\/?post_type=product&#038;p=537"},"modified":"2026-04-28T10:13:52","modified_gmt":"2026-04-28T10:13:52","slug":"lucky-one-leggingsit-mystery-50-56","status":"publish","type":"product","link":"https:\/\/lastenkamari.fi\/?product=lucky-one-leggingsit-mystery-50-56","title":{"rendered":"Lucky One -Leggingsit | Mystery &#8211; 50\/56"},"content":{"rendered":"<p>Metsola kutsuu seikkailuun True Campers -malliston mukana \ud83d\udda4 Luonnonrauhasta ja retkitunnelmasta inspiroitunut kokoelma hurmaa uusilla vaatemalleilla, laadukkailla materiaaleilla ja kauden s\u00e4vyjen runsaudella. T\u00e4m\u00e4 mallisto tuo iloa arkeen ja l\u00e4mp\u00f6\u00e4 viileisiin hetkiin.<br \/>\nLucky One -kuosin iloinen kettu suuntaa kohti uusia seikkailuja, meloen pitkin pohjoisen kuohuvia koskia.\u00a0\ud83d\udda4<br \/>\nLucky Ones -leggingsit ovat t\u00e4ydellinen yhdistelm\u00e4 mukavuutta ja tyylik\u00e4st\u00e4 ilmett\u00e4 vauvoille sek\u00e4 lapsille. Pehme\u00e4 ja joustava luomupuuvillatrikoo takaa miellytt\u00e4v\u00e4n istuvuuden niin leikkeihin kuin lepohetkiin. Vihert\u00e4v\u00e4n turkoosi Mystery-kuosi, Henna Adelin k\u00e4sialaa, tuo asuun rauhallista s\u00e4vy\u00e4 ja ripauksen taikaa \u2013 helposti yhdistelt\u00e4v\u00e4 ja aina ajankohtainen valinta.<br \/>\nKuosin kohdistus on jokaisessa tuotteessa yksil\u00f6llinen. Mik\u00e4li et ole varma oikeasta koosta, suosittelemme katsomaan apua kokotaulukosta.<\/p>\n","protected":false},"excerpt":{"rendered":"<p>Metsola kutsuu seikkailuun True Campers -malliston mukana \ud83d\udda4 Luonnonrauhasta ja retkitunnelmasta inspiroitunut kokoelma hurmaa uusilla vaatemalleilla, laadukkailla materiaaleilla ja kauden s\u00e4vyjen runsaudella. T\u00e4m\u00e4 mallisto tuo iloa arkeen ja l\u00e4mp\u00f6\u00e4 viileisiin hetkiin. Lucky One -kuosin iloinen kettu suuntaa kohti uusia seikkailuja, meloen pitkin pohjoisen kuohuvia koskia.\u00a0\ud83d\udda4 Lucky Ones -leggingsit ovat t\u00e4ydellinen [&hellip;]<\/p>\n","protected":false},"featured_media":538,"comment_status":"open","ping_status":"closed","template":"","meta":[],"product_brand":[34],"product_cat":[40],"product_tag":[26],"class_list":{"0":"post-537","1":"product","2":"type-product","3":"status-publish","4":"has-post-thumbnail","6":"product_brand-true-campers","7":"product_cat-lastenvaatteet","8":"product_tag-metsola","10":"first","11":"instock","12":"shipping-taxable","13":"product-type-external"},"_links":{"self":[{"href":"https:\/\/lastenkamari.fi\/index.php?rest_route=\/wp\/v2\/product\/537","targetHints":{"allow":["GET"]}}],"collection":[{"href":"https:\/\/lastenkamari.fi\/index.php?rest_route=\/wp\/v2\/product"}],"about":[{"href":"https:\/\/lastenkamari.fi\/index.php?rest_route=\/wp\/v2\/types\/product"}],"replies":[{"embeddable":true,"href":"https:\/\/lastenkamari.fi\/index.php?rest_route=%2Fwp%2Fv2%2Fcomments&post=537"}],"wp:featuredmedia":[{"embeddable":true,"href":"https:\/\/lastenkamari.fi\/index.php?rest_route=\/wp\/v2\/media\/538"}],"wp:attachment":[{"href":"https:\/\/lastenkamari.fi\/index.php?rest_route=%2Fwp%2Fv2%2Fmedia&parent=537"}],"wp:term":[{"taxonomy":"product_brand","embeddable":true,"href":"https:\/\/lastenkamari.fi\/index.php?rest_route=%2Fwp%2Fv2%2Fproduct_brand&post=537"},{"taxonomy":"product_cat","embeddable":true,"href":"https:\/\/lastenkamari.fi\/index.php?rest_route=%2Fwp%2Fv2%2Fproduct_cat&post=537"},{"taxonomy":"product_tag","embeddable":true,"href":"https:\/\/lastenkamari.fi\/index.php?rest_route=%2Fwp%2Fv2%2Fproduct_tag&post=537"}],"curies":[{"name":"wp","href":"https:\/\/api.w.org\/{rel}","templated":true}]}}