{"id":539,"date":"2026-04-28T10:13:52","date_gmt":"2026-04-28T10:13:52","guid":{"rendered":"https:\/\/lastenkamari.fi\/?post_type=product&#038;p=539"},"modified":"2026-04-28T10:13:53","modified_gmt":"2026-04-28T10:13:53","slug":"in-the-woods-joggers-housut-woody-86-92","status":"publish","type":"product","link":"https:\/\/lastenkamari.fi\/?product=in-the-woods-joggers-housut-woody-86-92","title":{"rendered":"In The Woods Joggers -housut | Woody &#8211; 86\/92"},"content":{"rendered":"<p>Metsola kutsuu seikkailuun True Campers -malliston mukana \ud83d\udda4 Luonnonrauhasta ja retkitunnelmasta inspiroitunut kokoelma hurmaa uusilla vaatemalleilla, laadukkailla materiaaleilla ja kauden s\u00e4vyjen runsaudella. T\u00e4m\u00e4 mallisto tuo iloa arkeen ja l\u00e4mp\u00f6\u00e4 viileisiin hetkiin.<br \/>\nIn the Woods Woody Joggers -housut yhdist\u00e4\u00e4 ranskalaisen suunnittelijan retkeilyteemaisen kuosin ja l\u00e4mpim\u00e4n ruskean Woody-pohjav\u00e4rin rennon mukaviin collegehousuihin. Housut on valmistettu luomupuuvillacollegesta, jossa on harjattu sis\u00e4pinta \u2013 pehme\u00e4, l\u00e4mmin ja miellytt\u00e4v\u00e4 valinta arkeen ja leikkiin.<br \/>\nMalli on rento ja hyvin istuva, ja siin\u00e4 on kuminauhavy\u00f6t\u00e4r\u00f6 sek\u00e4 kiristysny\u00f6ri, jotka tuovat s\u00e4\u00e4t\u00f6varaa ja k\u00e4ytt\u00f6mukavuutta. T\u00e4ydelliset jokap\u00e4iv\u00e4iseen k\u00e4ytt\u00f6\u00f6n p\u00e4iv\u00e4kodista vapaa-aikaan.<br \/>\nIn the Woods Joggers -lasten collegehousut on helppo yhdist\u00e4\u00e4 saman kuosin yl\u00e4osiin tai yksiv\u00e4risiin paitoihin \u2013 mukava ja vastuullinen valinta pienille seikkailijoille.<br \/>\nMik\u00e4li et ole varma oikeasta koosta, suosittelemme katsomaan apua kokotaulukosta.<\/p>\n","protected":false},"excerpt":{"rendered":"<p>Metsola kutsuu seikkailuun True Campers -malliston mukana \ud83d\udda4 Luonnonrauhasta ja retkitunnelmasta inspiroitunut kokoelma hurmaa uusilla vaatemalleilla, laadukkailla materiaaleilla ja kauden s\u00e4vyjen runsaudella. T\u00e4m\u00e4 mallisto tuo iloa arkeen ja l\u00e4mp\u00f6\u00e4 viileisiin hetkiin. In the Woods Woody Joggers -housut yhdist\u00e4\u00e4 ranskalaisen suunnittelijan retkeilyteemaisen kuosin ja l\u00e4mpim\u00e4n ruskean Woody-pohjav\u00e4rin rennon mukaviin collegehousuihin. Housut [&hellip;]<\/p>\n","protected":false},"featured_media":540,"comment_status":"open","ping_status":"closed","template":"","meta":[],"product_brand":[34],"product_cat":[40],"product_tag":[26],"class_list":{"0":"post-539","1":"product","2":"type-product","3":"status-publish","4":"has-post-thumbnail","6":"product_brand-true-campers","7":"product_cat-lastenvaatteet","8":"product_tag-metsola","10":"first","11":"instock","12":"shipping-taxable","13":"product-type-external"},"_links":{"self":[{"href":"https:\/\/lastenkamari.fi\/index.php?rest_route=\/wp\/v2\/product\/539","targetHints":{"allow":["GET"]}}],"collection":[{"href":"https:\/\/lastenkamari.fi\/index.php?rest_route=\/wp\/v2\/product"}],"about":[{"href":"https:\/\/lastenkamari.fi\/index.php?rest_route=\/wp\/v2\/types\/product"}],"replies":[{"embeddable":true,"href":"https:\/\/lastenkamari.fi\/index.php?rest_route=%2Fwp%2Fv2%2Fcomments&post=539"}],"wp:featuredmedia":[{"embeddable":true,"href":"https:\/\/lastenkamari.fi\/index.php?rest_route=\/wp\/v2\/media\/540"}],"wp:attachment":[{"href":"https:\/\/lastenkamari.fi\/index.php?rest_route=%2Fwp%2Fv2%2Fmedia&parent=539"}],"wp:term":[{"taxonomy":"product_brand","embeddable":true,"href":"https:\/\/lastenkamari.fi\/index.php?rest_route=%2Fwp%2Fv2%2Fproduct_brand&post=539"},{"taxonomy":"product_cat","embeddable":true,"href":"https:\/\/lastenkamari.fi\/index.php?rest_route=%2Fwp%2Fv2%2Fproduct_cat&post=539"},{"taxonomy":"product_tag","embeddable":true,"href":"https:\/\/lastenkamari.fi\/index.php?rest_route=%2Fwp%2Fv2%2Fproduct_tag&post=539"}],"curies":[{"name":"wp","href":"https:\/\/api.w.org\/{rel}","templated":true}]}}