{"id":559,"date":"2026-04-28T10:13:58","date_gmt":"2026-04-28T10:13:58","guid":{"rendered":"https:\/\/lastenkamari.fi\/?post_type=product&#038;p=559"},"modified":"2026-04-28T10:13:59","modified_gmt":"2026-04-28T10:13:59","slug":"rib-leggingsit-berry-50-56","status":"publish","type":"product","link":"https:\/\/lastenkamari.fi\/?product=rib-leggingsit-berry-50-56","title":{"rendered":"Rib-Leggingsit | Berry &#8211; 50\/56"},"content":{"rendered":"<p>Rib-leggings Berry ovat pehme\u00e4t ja joustavat lasten leggingsit, jotka tuovat asuun kauniin, syv\u00e4n marjas\u00e4vyn. T\u00e4m\u00e4 t\u00e4ytel\u00e4inen punavioletti kuuluu Metsolan Urban Story -mallistoon ja tuo ilmett\u00e4 arjen pukeutumiseen raikkaalla mutta rauhallisella tavalla.<br \/>\nN\u00e4m\u00e4 lasten housut on valmistettu joustavasta luomupuuvillaisesta ribbineuloksesta, joka tuntuu miellytt\u00e4v\u00e4lt\u00e4 p\u00e4\u00e4ll\u00e4 ja mahdollistaa vapaan liikkumisen. Kuminauhavy\u00f6t\u00e4r\u00f6 takaa helpon pukemisen ja mukavan istuvuuden koko p\u00e4iv\u00e4n ajaksi.<br \/>\nYhdist\u00e4 Berry-s\u00e4vy esimerkiksi neutraaliin yl\u00e4osaan tai muihin Urban Story -sarjan tuotteisiin \u2013 lopputuloksena ihastuttava, k\u00e4yt\u00e4nn\u00f6llinen kokonaisuus.<br \/>\nMik\u00e4li et ole varma oikeasta koosta, suosittelemme katsomaan apua kokotaulukosta.<\/p>\n","protected":false},"excerpt":{"rendered":"<p>Rib-leggings Berry ovat pehme\u00e4t ja joustavat lasten leggingsit, jotka tuovat asuun kauniin, syv\u00e4n marjas\u00e4vyn. T\u00e4m\u00e4 t\u00e4ytel\u00e4inen punavioletti kuuluu Metsolan Urban Story -mallistoon ja tuo ilmett\u00e4 arjen pukeutumiseen raikkaalla mutta rauhallisella tavalla. N\u00e4m\u00e4 lasten housut on valmistettu joustavasta luomupuuvillaisesta ribbineuloksesta, joka tuntuu miellytt\u00e4v\u00e4lt\u00e4 p\u00e4\u00e4ll\u00e4 ja mahdollistaa vapaan liikkumisen. Kuminauhavy\u00f6t\u00e4r\u00f6 takaa helpon [&hellip;]<\/p>\n","protected":false},"featured_media":560,"comment_status":"open","ping_status":"closed","template":"","meta":[],"product_brand":[38],"product_cat":[40],"product_tag":[26],"class_list":{"0":"post-559","1":"product","2":"type-product","3":"status-publish","4":"has-post-thumbnail","6":"product_brand-urban-story","7":"product_cat-lastenvaatteet","8":"product_tag-metsola","10":"first","11":"instock","12":"shipping-taxable","13":"product-type-external"},"_links":{"self":[{"href":"https:\/\/lastenkamari.fi\/index.php?rest_route=\/wp\/v2\/product\/559","targetHints":{"allow":["GET"]}}],"collection":[{"href":"https:\/\/lastenkamari.fi\/index.php?rest_route=\/wp\/v2\/product"}],"about":[{"href":"https:\/\/lastenkamari.fi\/index.php?rest_route=\/wp\/v2\/types\/product"}],"replies":[{"embeddable":true,"href":"https:\/\/lastenkamari.fi\/index.php?rest_route=%2Fwp%2Fv2%2Fcomments&post=559"}],"wp:featuredmedia":[{"embeddable":true,"href":"https:\/\/lastenkamari.fi\/index.php?rest_route=\/wp\/v2\/media\/560"}],"wp:attachment":[{"href":"https:\/\/lastenkamari.fi\/index.php?rest_route=%2Fwp%2Fv2%2Fmedia&parent=559"}],"wp:term":[{"taxonomy":"product_brand","embeddable":true,"href":"https:\/\/lastenkamari.fi\/index.php?rest_route=%2Fwp%2Fv2%2Fproduct_brand&post=559"},{"taxonomy":"product_cat","embeddable":true,"href":"https:\/\/lastenkamari.fi\/index.php?rest_route=%2Fwp%2Fv2%2Fproduct_cat&post=559"},{"taxonomy":"product_tag","embeddable":true,"href":"https:\/\/lastenkamari.fi\/index.php?rest_route=%2Fwp%2Fv2%2Fproduct_tag&post=559"}],"curies":[{"name":"wp","href":"https:\/\/api.w.org\/{rel}","templated":true}]}}