{"id":567,"date":"2026-04-28T10:14:00","date_gmt":"2026-04-28T10:14:00","guid":{"rendered":"https:\/\/lastenkamari.fi\/?post_type=product&#038;p=567"},"modified":"2026-04-28T10:14:01","modified_gmt":"2026-04-28T10:14:01","slug":"sweatpants-collegehousut-rosy-74-80","status":"publish","type":"product","link":"https:\/\/lastenkamari.fi\/?product=sweatpants-collegehousut-rosy-74-80","title":{"rendered":"Sweatpants -Collegehousut | Rosy &#8211; 74\/80"},"content":{"rendered":"<p>Sweatpants -Collegehousut v\u00e4riss\u00e4 Rosy ovat Urban Story -malliston k\u00e4yt\u00e4nn\u00f6lliset ja kest\u00e4v\u00e4t lasten collegehousut, jotka yhdist\u00e4v\u00e4t mukavuuden, laadun ja iloisen ilmeen. N\u00e4m\u00e4 housut on suunniteltu aktiiviseen arkeen \u2013 t\u00e4ydellinen valinta niin leikkiin, p\u00e4iv\u00e4kotiin kuin rennoksi osaksi arkipukeutumista.<br \/>\nHousut on valmistettu joustavasta ja eritt\u00e4in kest\u00e4v\u00e4st\u00e4 luomupuuvillasta, joka tuntuu pehme\u00e4lt\u00e4 ihoa vasten ja kest\u00e4\u00e4 toistuvaa k\u00e4ytt\u00f6\u00e4 ja pesua. Vy\u00f6t\u00e4r\u00f6ll\u00e4 on kuminauha, joka tekee pukemisesta helppoa ja lis\u00e4\u00e4 k\u00e4ytt\u00f6mukavuutta. Edess\u00e4 olevat taskut tuovat k\u00e4yt\u00e4nn\u00f6llisyytt\u00e4, ja toista taskua koristaa Metsola-merkki nahkaj\u00e4ljitelm\u00e4st\u00e4.<br \/>\nSuorat lahkeet antavat housuille siistin ja rennon ilmeen. Rosy-s\u00e4vy on raikkaan vaaleanpunainen, joka tuo lasten pukeutumiseen iloa ja v\u00e4ri\u00e4 \u2013 juuri sopivasti leikkis\u00e4\u00e4 energiaa Urban Story -malliston hengess\u00e4.<br \/>\nMik\u00e4li et ole varma oikeasta koosta, suosittelemme katsomaan apua kokotaulukosta.<\/p>\n","protected":false},"excerpt":{"rendered":"<p>Sweatpants -Collegehousut v\u00e4riss\u00e4 Rosy ovat Urban Story -malliston k\u00e4yt\u00e4nn\u00f6lliset ja kest\u00e4v\u00e4t lasten collegehousut, jotka yhdist\u00e4v\u00e4t mukavuuden, laadun ja iloisen ilmeen. N\u00e4m\u00e4 housut on suunniteltu aktiiviseen arkeen \u2013 t\u00e4ydellinen valinta niin leikkiin, p\u00e4iv\u00e4kotiin kuin rennoksi osaksi arkipukeutumista. Housut on valmistettu joustavasta ja eritt\u00e4in kest\u00e4v\u00e4st\u00e4 luomupuuvillasta, joka tuntuu pehme\u00e4lt\u00e4 ihoa vasten ja [&hellip;]<\/p>\n","protected":false},"featured_media":568,"comment_status":"open","ping_status":"closed","template":"","meta":[],"product_brand":[38],"product_cat":[40],"product_tag":[26],"class_list":{"0":"post-567","1":"product","2":"type-product","3":"status-publish","4":"has-post-thumbnail","6":"product_brand-urban-story","7":"product_cat-lastenvaatteet","8":"product_tag-metsola","10":"first","11":"instock","12":"shipping-taxable","13":"product-type-external"},"_links":{"self":[{"href":"https:\/\/lastenkamari.fi\/index.php?rest_route=\/wp\/v2\/product\/567","targetHints":{"allow":["GET"]}}],"collection":[{"href":"https:\/\/lastenkamari.fi\/index.php?rest_route=\/wp\/v2\/product"}],"about":[{"href":"https:\/\/lastenkamari.fi\/index.php?rest_route=\/wp\/v2\/types\/product"}],"replies":[{"embeddable":true,"href":"https:\/\/lastenkamari.fi\/index.php?rest_route=%2Fwp%2Fv2%2Fcomments&post=567"}],"wp:featuredmedia":[{"embeddable":true,"href":"https:\/\/lastenkamari.fi\/index.php?rest_route=\/wp\/v2\/media\/568"}],"wp:attachment":[{"href":"https:\/\/lastenkamari.fi\/index.php?rest_route=%2Fwp%2Fv2%2Fmedia&parent=567"}],"wp:term":[{"taxonomy":"product_brand","embeddable":true,"href":"https:\/\/lastenkamari.fi\/index.php?rest_route=%2Fwp%2Fv2%2Fproduct_brand&post=567"},{"taxonomy":"product_cat","embeddable":true,"href":"https:\/\/lastenkamari.fi\/index.php?rest_route=%2Fwp%2Fv2%2Fproduct_cat&post=567"},{"taxonomy":"product_tag","embeddable":true,"href":"https:\/\/lastenkamari.fi\/index.php?rest_route=%2Fwp%2Fv2%2Fproduct_tag&post=567"}],"curies":[{"name":"wp","href":"https:\/\/api.w.org\/{rel}","templated":true}]}}