{"id":57,"date":"2026-04-28T10:11:10","date_gmt":"2026-04-28T10:11:10","guid":{"rendered":"https:\/\/lastenkamari.fi\/?post_type=product&#038;p=57"},"modified":"2026-04-28T10:11:11","modified_gmt":"2026-04-28T10:11:11","slug":"wide-leg-trousers-housut-black-xs","status":"publish","type":"product","link":"https:\/\/lastenkamari.fi\/?product=wide-leg-trousers-housut-black-xs","title":{"rendered":"Wide Leg Trousers -Housut | Black &#8211; XS"},"content":{"rendered":"<p>Metsolan mustat leve\u00e4lahkeiset housut ovat klassiset ja monik\u00e4ytt\u00f6iset. Korkeavy\u00f6t\u00e4r\u00f6iset housut on valmistettu napakasta (ponto roma) trikoosta, joka on materiaalina mukavan joustavaa mutta kest\u00e4v\u00e4\u00e4. Trikoohousuissa ei ole taskuja ja vy\u00f6t\u00e4r\u00f6kaitale on korkea, joten sen voi pit\u00e4\u00e4 suorana tai halutessaan k\u00e4\u00e4nt\u00e4\u00e4 alas.<br \/>\nMateriaali venyy k\u00e4yt\u00f6ss\u00e4 mutta vet\u00e4ytyy takaisin pesun j\u00e4lkeen. Mik\u00e4li mietit kahden koon v\u00e4lill\u00e4, suosittelemme valitsemaan pienemm\u00e4n koon. Suosittelemme katsomaan apua kokotaulukosta.<\/p>\n","protected":false},"excerpt":{"rendered":"<p>Metsolan mustat leve\u00e4lahkeiset housut ovat klassiset ja monik\u00e4ytt\u00f6iset. Korkeavy\u00f6t\u00e4r\u00f6iset housut on valmistettu napakasta (ponto roma) trikoosta, joka on materiaalina mukavan joustavaa mutta kest\u00e4v\u00e4\u00e4. Trikoohousuissa ei ole taskuja ja vy\u00f6t\u00e4r\u00f6kaitale on korkea, joten sen voi pit\u00e4\u00e4 suorana tai halutessaan k\u00e4\u00e4nt\u00e4\u00e4 alas. Materiaali venyy k\u00e4yt\u00f6ss\u00e4 mutta vet\u00e4ytyy takaisin pesun j\u00e4lkeen. Mik\u00e4li mietit [&hellip;]<\/p>\n","protected":false},"featured_media":58,"comment_status":"open","ping_status":"closed","template":"","meta":[],"product_brand":[29],"product_cat":[25],"product_tag":[26],"class_list":{"0":"post-57","1":"product","2":"type-product","3":"status-publish","4":"has-post-thumbnail","6":"product_brand-more-love","7":"product_cat-aikuisten-vaatteet","8":"product_tag-metsola","10":"first","11":"instock","12":"shipping-taxable","13":"product-type-external"},"_links":{"self":[{"href":"https:\/\/lastenkamari.fi\/index.php?rest_route=\/wp\/v2\/product\/57","targetHints":{"allow":["GET"]}}],"collection":[{"href":"https:\/\/lastenkamari.fi\/index.php?rest_route=\/wp\/v2\/product"}],"about":[{"href":"https:\/\/lastenkamari.fi\/index.php?rest_route=\/wp\/v2\/types\/product"}],"replies":[{"embeddable":true,"href":"https:\/\/lastenkamari.fi\/index.php?rest_route=%2Fwp%2Fv2%2Fcomments&post=57"}],"wp:featuredmedia":[{"embeddable":true,"href":"https:\/\/lastenkamari.fi\/index.php?rest_route=\/wp\/v2\/media\/58"}],"wp:attachment":[{"href":"https:\/\/lastenkamari.fi\/index.php?rest_route=%2Fwp%2Fv2%2Fmedia&parent=57"}],"wp:term":[{"taxonomy":"product_brand","embeddable":true,"href":"https:\/\/lastenkamari.fi\/index.php?rest_route=%2Fwp%2Fv2%2Fproduct_brand&post=57"},{"taxonomy":"product_cat","embeddable":true,"href":"https:\/\/lastenkamari.fi\/index.php?rest_route=%2Fwp%2Fv2%2Fproduct_cat&post=57"},{"taxonomy":"product_tag","embeddable":true,"href":"https:\/\/lastenkamari.fi\/index.php?rest_route=%2Fwp%2Fv2%2Fproduct_tag&post=57"}],"curies":[{"name":"wp","href":"https:\/\/api.w.org\/{rel}","templated":true}]}}