{"id":571,"date":"2026-04-28T10:14:02","date_gmt":"2026-04-28T10:14:02","guid":{"rendered":"https:\/\/lastenkamari.fi\/?post_type=product&#038;p=571"},"modified":"2026-04-28T10:14:02","modified_gmt":"2026-04-28T10:14:02","slug":"teddy-lappuhaalarit-muddy-boots-50-56","status":"publish","type":"product","link":"https:\/\/lastenkamari.fi\/?product=teddy-lappuhaalarit-muddy-boots-50-56","title":{"rendered":"Teddy-Lappuhaalarit | Muddy Boots &#8211; 50\/56"},"content":{"rendered":"<p>Teddy-lappuhaalarit s\u00e4vyss\u00e4 Muddy Boots ovat pehmeyden ja k\u00e4yt\u00e4nn\u00f6llisyyden t\u00e4ydellinen yhdistelm\u00e4 perheen pienimmille. N\u00e4m\u00e4 haalarit kuuluvat Urban Story -mallistoon, jossa leikki, mukavuus ja ajattomuus kohtaavat.<br \/>\nHaalari on valmistettu superpehme\u00e4st\u00e4 teddykankaasta, joka tuntuu ihanalta p\u00e4\u00e4ll\u00e4 ja sopii t\u00e4ydellisesti viileneviin p\u00e4iviin. Materiaali on p\u00e4\u00e4asiallisesti kierr\u00e4tyskuitua. Klassinen lappumalli j\u00e4tt\u00e4\u00e4 tilaa kerrospukeutumiselle ja tekee kokonaisuudesta rennon ja helppok\u00e4ytt\u00f6isen. Olkaimet kiinnitet\u00e4\u00e4n k\u00e4yt\u00e4nn\u00f6llisill\u00e4 neppareilla, ja suorat lahkeet laskeutuvat kauniisti ja antavat haalarille viimeistellyn ilmeen.<br \/>\nMuddy Boots on l\u00e4mmin, ruskeanbeige s\u00e4vy, joka tuo mieleen syksyn lehtien s\u00e4vyt ja mutaleikkien ilon \u2013 t\u00e4ydellinen s\u00e4vy niin arkeen kuin ulkohetkiin. Yhdist\u00e4 saman s\u00e4vyisiin teddyvaatteisiin ja luo ihastuttavan yhten\u00e4inen syys- ja talviasu.<br \/>\nMik\u00e4li et ole varma oikeasta koosta, suosittelemme katsomaan apua kokotaulukosta.<\/p>\n","protected":false},"excerpt":{"rendered":"<p>Teddy-lappuhaalarit s\u00e4vyss\u00e4 Muddy Boots ovat pehmeyden ja k\u00e4yt\u00e4nn\u00f6llisyyden t\u00e4ydellinen yhdistelm\u00e4 perheen pienimmille. N\u00e4m\u00e4 haalarit kuuluvat Urban Story -mallistoon, jossa leikki, mukavuus ja ajattomuus kohtaavat. Haalari on valmistettu superpehme\u00e4st\u00e4 teddykankaasta, joka tuntuu ihanalta p\u00e4\u00e4ll\u00e4 ja sopii t\u00e4ydellisesti viileneviin p\u00e4iviin. Materiaali on p\u00e4\u00e4asiallisesti kierr\u00e4tyskuitua. Klassinen lappumalli j\u00e4tt\u00e4\u00e4 tilaa kerrospukeutumiselle ja tekee kokonaisuudesta [&hellip;]<\/p>\n","protected":false},"featured_media":572,"comment_status":"open","ping_status":"closed","template":"","meta":[],"product_brand":[38],"product_cat":[40],"product_tag":[26],"class_list":{"0":"post-571","1":"product","2":"type-product","3":"status-publish","4":"has-post-thumbnail","6":"product_brand-urban-story","7":"product_cat-lastenvaatteet","8":"product_tag-metsola","10":"first","11":"instock","12":"shipping-taxable","13":"product-type-external"},"_links":{"self":[{"href":"https:\/\/lastenkamari.fi\/index.php?rest_route=\/wp\/v2\/product\/571","targetHints":{"allow":["GET"]}}],"collection":[{"href":"https:\/\/lastenkamari.fi\/index.php?rest_route=\/wp\/v2\/product"}],"about":[{"href":"https:\/\/lastenkamari.fi\/index.php?rest_route=\/wp\/v2\/types\/product"}],"replies":[{"embeddable":true,"href":"https:\/\/lastenkamari.fi\/index.php?rest_route=%2Fwp%2Fv2%2Fcomments&post=571"}],"wp:featuredmedia":[{"embeddable":true,"href":"https:\/\/lastenkamari.fi\/index.php?rest_route=\/wp\/v2\/media\/572"}],"wp:attachment":[{"href":"https:\/\/lastenkamari.fi\/index.php?rest_route=%2Fwp%2Fv2%2Fmedia&parent=571"}],"wp:term":[{"taxonomy":"product_brand","embeddable":true,"href":"https:\/\/lastenkamari.fi\/index.php?rest_route=%2Fwp%2Fv2%2Fproduct_brand&post=571"},{"taxonomy":"product_cat","embeddable":true,"href":"https:\/\/lastenkamari.fi\/index.php?rest_route=%2Fwp%2Fv2%2Fproduct_cat&post=571"},{"taxonomy":"product_tag","embeddable":true,"href":"https:\/\/lastenkamari.fi\/index.php?rest_route=%2Fwp%2Fv2%2Fproduct_tag&post=571"}],"curies":[{"name":"wp","href":"https:\/\/api.w.org\/{rel}","templated":true}]}}