{"id":593,"date":"2026-04-28T10:14:10","date_gmt":"2026-04-28T10:14:10","guid":{"rendered":"https:\/\/lastenkamari.fi\/?post_type=product&#038;p=593"},"modified":"2026-04-28T10:14:10","modified_gmt":"2026-04-28T10:14:10","slug":"heavy-rib-leggingsit-sparkle-50-56","status":"publish","type":"product","link":"https:\/\/lastenkamari.fi\/?product=heavy-rib-leggingsit-sparkle-50-56","title":{"rendered":"Heavy Rib -Leggingsit | Sparkle &#8211; 50\/56"},"content":{"rendered":"<p>Universum-mallistomme on saanut innoituksensa maailman kaikkeudesta ja avaruudesta \u2013 my\u00f6s sellaisesta, jonka olemassaolosta emme ehk\u00e4 edes tied\u00e4.<br \/>\nHeavy rib -tuotesarja on valmistettu paksummasta rib-kankaasta. Lasten legginsit on valmistettu luomupuuvillasta ja kierr\u00e4tyskuidusta. Materiaali on pehmoinen, joustava ja eritt\u00e4in miellytt\u00e4v\u00e4n tuntuinen iholla. Lasten housujen tuplakoot tuovat niille lis\u00e4\u00e4 k\u00e4ytt\u00f6ik\u00e4\u00e4.<br \/>\nS\u00e4teilev\u00e4 vaaleanpunainen s\u00e4vy on pehme\u00e4, mutta samalla t\u00e4ynn\u00e4 eloisuutta ja iloa \u2764\ufe0f<br \/>\nHuomioithan, ett\u00e4 kangas sis\u00e4lt\u00e4\u00e4 kierr\u00e4tyskuitua, joten kankaan paino ja tuntu saattavat hieman vaihdella tuotantoerien v\u00e4lill\u00e4. Heavy Rib -materiaali venyy k\u00e4yt\u00f6ss\u00e4, mutta napakoituu aina pesun j\u00e4lkeen.<br \/>\nMik\u00e4li et ole varma oikeasta koosta, suosittelemme katsomaan apua kokotaulukosta.<\/p>\n","protected":false},"excerpt":{"rendered":"<p>Universum-mallistomme on saanut innoituksensa maailman kaikkeudesta ja avaruudesta \u2013 my\u00f6s sellaisesta, jonka olemassaolosta emme ehk\u00e4 edes tied\u00e4. Heavy rib -tuotesarja on valmistettu paksummasta rib-kankaasta. Lasten legginsit on valmistettu luomupuuvillasta ja kierr\u00e4tyskuidusta. Materiaali on pehmoinen, joustava ja eritt\u00e4in miellytt\u00e4v\u00e4n tuntuinen iholla. Lasten housujen tuplakoot tuovat niille lis\u00e4\u00e4 k\u00e4ytt\u00f6ik\u00e4\u00e4. S\u00e4teilev\u00e4 vaaleanpunainen s\u00e4vy [&hellip;]<\/p>\n","protected":false},"featured_media":594,"comment_status":"open","ping_status":"closed","template":"","meta":[],"product_brand":[47],"product_cat":[40],"product_tag":[26],"class_list":{"0":"post-593","1":"product","2":"type-product","3":"status-publish","4":"has-post-thumbnail","6":"product_brand-universum","7":"product_cat-lastenvaatteet","8":"product_tag-metsola","10":"first","11":"instock","12":"shipping-taxable","13":"product-type-external"},"_links":{"self":[{"href":"https:\/\/lastenkamari.fi\/index.php?rest_route=\/wp\/v2\/product\/593","targetHints":{"allow":["GET"]}}],"collection":[{"href":"https:\/\/lastenkamari.fi\/index.php?rest_route=\/wp\/v2\/product"}],"about":[{"href":"https:\/\/lastenkamari.fi\/index.php?rest_route=\/wp\/v2\/types\/product"}],"replies":[{"embeddable":true,"href":"https:\/\/lastenkamari.fi\/index.php?rest_route=%2Fwp%2Fv2%2Fcomments&post=593"}],"wp:featuredmedia":[{"embeddable":true,"href":"https:\/\/lastenkamari.fi\/index.php?rest_route=\/wp\/v2\/media\/594"}],"wp:attachment":[{"href":"https:\/\/lastenkamari.fi\/index.php?rest_route=%2Fwp%2Fv2%2Fmedia&parent=593"}],"wp:term":[{"taxonomy":"product_brand","embeddable":true,"href":"https:\/\/lastenkamari.fi\/index.php?rest_route=%2Fwp%2Fv2%2Fproduct_brand&post=593"},{"taxonomy":"product_cat","embeddable":true,"href":"https:\/\/lastenkamari.fi\/index.php?rest_route=%2Fwp%2Fv2%2Fproduct_cat&post=593"},{"taxonomy":"product_tag","embeddable":true,"href":"https:\/\/lastenkamari.fi\/index.php?rest_route=%2Fwp%2Fv2%2Fproduct_tag&post=593"}],"curies":[{"name":"wp","href":"https:\/\/api.w.org\/{rel}","templated":true}]}}