{"id":61,"date":"2026-04-28T10:11:12","date_gmt":"2026-04-28T10:11:12","guid":{"rendered":"https:\/\/lastenkamari.fi\/?post_type=product&#038;p=61"},"modified":"2026-04-28T10:11:12","modified_gmt":"2026-04-28T10:11:12","slug":"pleated-wide-leg-pants-housut-licorice-xs","status":"publish","type":"product","link":"https:\/\/lastenkamari.fi\/?product=pleated-wide-leg-pants-housut-licorice-xs","title":{"rendered":"Pleated Wide Leg Pants -Housut | Licorice &#8211; XS"},"content":{"rendered":"<p>Can&#8217;t stop dreaming -mallisto on saanut inspiraationsa unelmoinnin voimasta \u2013 siit\u00e4, kuinka t\u00e4rke\u00e4\u00e4 on uskaltaa haaveilla ja kulkea rohkeasti kohti omia unelmiaan. Se heijastaa haaveilun ihmeellist\u00e4 voimaa toteuttaa mahdottomaltakin tuntuvia asioita \u2764<br \/>\nWide Leg Pants on huolettoman elegantti viskoosihousu, joka liikkuu sulavasti arjen askareista juhlavampiin hetkiin. Leve\u00e4 lahje, kauniisti laskeutuva siluetti ja ilmava istuvuus tekev\u00e4t housuista monik\u00e4ytt\u00f6isen valinnan, joka n\u00e4ytt\u00e4\u00e4 hyv\u00e4lt\u00e4 niin rennosti stailattuna kuin huolitellumman yl\u00e4osan kanssa.<br \/>\nHousut on valmistettu kevyesti strukturoidusta crepe-viskoosista, joka tuntuu pehme\u00e4lt\u00e4 ihoa vasten ja tuo asuun ylellist\u00e4 kiiltoa.\u00a0Reilun mittaiset lahkeet on mitoitettu niin, ett\u00e4 viskoosin luonnollinen kutistuvuus on otettu huomioon \u2013 lopputuloksena istuvuus, joka s\u00e4ilyy kauniina pesusta toiseen.<br \/>\nWide Leg Pants yhdistyy vaivattomasti muihin malliston osiin ja tuo asuun huoliteltua rentoutta \u2764<\/p>\n","protected":false},"excerpt":{"rendered":"<p>Can&#8217;t stop dreaming -mallisto on saanut inspiraationsa unelmoinnin voimasta \u2013 siit\u00e4, kuinka t\u00e4rke\u00e4\u00e4 on uskaltaa haaveilla ja kulkea rohkeasti kohti omia unelmiaan. Se heijastaa haaveilun ihmeellist\u00e4 voimaa toteuttaa mahdottomaltakin tuntuvia asioita \u2764 Wide Leg Pants on huolettoman elegantti viskoosihousu, joka liikkuu sulavasti arjen askareista juhlavampiin hetkiin. Leve\u00e4 lahje, kauniisti laskeutuva [&hellip;]<\/p>\n","protected":false},"featured_media":62,"comment_status":"open","ping_status":"closed","template":"","meta":[],"product_brand":[31],"product_cat":[25],"product_tag":[26],"class_list":{"0":"post-61","1":"product","2":"type-product","3":"status-publish","4":"has-post-thumbnail","6":"product_brand-cant-stop-dreaming","7":"product_cat-aikuisten-vaatteet","8":"product_tag-metsola","10":"first","11":"instock","12":"shipping-taxable","13":"product-type-external"},"_links":{"self":[{"href":"https:\/\/lastenkamari.fi\/index.php?rest_route=\/wp\/v2\/product\/61","targetHints":{"allow":["GET"]}}],"collection":[{"href":"https:\/\/lastenkamari.fi\/index.php?rest_route=\/wp\/v2\/product"}],"about":[{"href":"https:\/\/lastenkamari.fi\/index.php?rest_route=\/wp\/v2\/types\/product"}],"replies":[{"embeddable":true,"href":"https:\/\/lastenkamari.fi\/index.php?rest_route=%2Fwp%2Fv2%2Fcomments&post=61"}],"wp:featuredmedia":[{"embeddable":true,"href":"https:\/\/lastenkamari.fi\/index.php?rest_route=\/wp\/v2\/media\/62"}],"wp:attachment":[{"href":"https:\/\/lastenkamari.fi\/index.php?rest_route=%2Fwp%2Fv2%2Fmedia&parent=61"}],"wp:term":[{"taxonomy":"product_brand","embeddable":true,"href":"https:\/\/lastenkamari.fi\/index.php?rest_route=%2Fwp%2Fv2%2Fproduct_brand&post=61"},{"taxonomy":"product_cat","embeddable":true,"href":"https:\/\/lastenkamari.fi\/index.php?rest_route=%2Fwp%2Fv2%2Fproduct_cat&post=61"},{"taxonomy":"product_tag","embeddable":true,"href":"https:\/\/lastenkamari.fi\/index.php?rest_route=%2Fwp%2Fv2%2Fproduct_tag&post=61"}],"curies":[{"name":"wp","href":"https:\/\/api.w.org\/{rel}","templated":true}]}}