{"id":645,"date":"2026-04-28T10:14:24","date_gmt":"2026-04-28T10:14:24","guid":{"rendered":"https:\/\/lastenkamari.fi\/?post_type=product&#038;p=645"},"modified":"2026-04-28T10:14:24","modified_gmt":"2026-04-28T10:14:24","slug":"spring-dance-rib-leggingsit-74-80","status":"publish","type":"product","link":"https:\/\/lastenkamari.fi\/?product=spring-dance-rib-leggingsit-74-80","title":{"rendered":"Spring Dance Rib -Leggingsit &#8211; 74\/80"},"content":{"rendered":"<p>Spring Dance on Veera Gr\u00f6nbergin luoma kuosi, jossa herkullisissa kev\u00e4ts\u00e4vyiss\u00e4 tanssivat rusetit luovat liikett\u00e4 ja keveytt\u00e4 luonnonvaalealle pohjalle. Kuosi tuo mieleen kev\u00e4tauringon ensimm\u00e4iset s\u00e4teet ja hyp\u00e4htelev\u00e4n ilon. \ud83d\udc9b<br \/>\nN\u00e4m\u00e4 lasten leggingsit on valmistettu pehme\u00e4st\u00e4 ja joustavasta luomupuuvillatrikoosta, joka tuntuu miellytt\u00e4v\u00e4lt\u00e4 ihoa vasten ja kest\u00e4\u00e4 k\u00e4ytt\u00f6\u00e4 sek\u00e4 pesua. Napakka mutta joustava istuvuus takaa, ett\u00e4 housut pysyv\u00e4t hyvin p\u00e4\u00e4ll\u00e4 my\u00f6s leikin tiimellyksess\u00e4.<br \/>\nKuosin kohdistus on jokaisessa tuotteessa yksil\u00f6llinen. Mik\u00e4li et ole varma oikeasta koosta, suosittelemme katsomaan apua kokotaulukosta.<\/p>\n","protected":false},"excerpt":{"rendered":"<p>Spring Dance on Veera Gr\u00f6nbergin luoma kuosi, jossa herkullisissa kev\u00e4ts\u00e4vyiss\u00e4 tanssivat rusetit luovat liikett\u00e4 ja keveytt\u00e4 luonnonvaalealle pohjalle. Kuosi tuo mieleen kev\u00e4tauringon ensimm\u00e4iset s\u00e4teet ja hyp\u00e4htelev\u00e4n ilon. \ud83d\udc9b N\u00e4m\u00e4 lasten leggingsit on valmistettu pehme\u00e4st\u00e4 ja joustavasta luomupuuvillatrikoosta, joka tuntuu miellytt\u00e4v\u00e4lt\u00e4 ihoa vasten ja kest\u00e4\u00e4 k\u00e4ytt\u00f6\u00e4 sek\u00e4 pesua. Napakka mutta joustava [&hellip;]<\/p>\n","protected":false},"featured_media":646,"comment_status":"open","ping_status":"closed","template":"","meta":[],"product_brand":[51],"product_cat":[40],"product_tag":[26],"class_list":{"0":"post-645","1":"product","2":"type-product","3":"status-publish","4":"has-post-thumbnail","6":"product_brand-circus-of-my-life","7":"product_cat-lastenvaatteet","8":"product_tag-metsola","10":"first","11":"instock","12":"shipping-taxable","13":"product-type-external"},"_links":{"self":[{"href":"https:\/\/lastenkamari.fi\/index.php?rest_route=\/wp\/v2\/product\/645","targetHints":{"allow":["GET"]}}],"collection":[{"href":"https:\/\/lastenkamari.fi\/index.php?rest_route=\/wp\/v2\/product"}],"about":[{"href":"https:\/\/lastenkamari.fi\/index.php?rest_route=\/wp\/v2\/types\/product"}],"replies":[{"embeddable":true,"href":"https:\/\/lastenkamari.fi\/index.php?rest_route=%2Fwp%2Fv2%2Fcomments&post=645"}],"wp:featuredmedia":[{"embeddable":true,"href":"https:\/\/lastenkamari.fi\/index.php?rest_route=\/wp\/v2\/media\/646"}],"wp:attachment":[{"href":"https:\/\/lastenkamari.fi\/index.php?rest_route=%2Fwp%2Fv2%2Fmedia&parent=645"}],"wp:term":[{"taxonomy":"product_brand","embeddable":true,"href":"https:\/\/lastenkamari.fi\/index.php?rest_route=%2Fwp%2Fv2%2Fproduct_brand&post=645"},{"taxonomy":"product_cat","embeddable":true,"href":"https:\/\/lastenkamari.fi\/index.php?rest_route=%2Fwp%2Fv2%2Fproduct_cat&post=645"},{"taxonomy":"product_tag","embeddable":true,"href":"https:\/\/lastenkamari.fi\/index.php?rest_route=%2Fwp%2Fv2%2Fproduct_tag&post=645"}],"curies":[{"name":"wp","href":"https:\/\/api.w.org\/{rel}","templated":true}]}}