{"id":657,"date":"2026-04-28T10:14:26","date_gmt":"2026-04-28T10:14:26","guid":{"rendered":"https:\/\/lastenkamari.fi\/?post_type=product&#038;p=657"},"modified":"2026-04-28T10:14:26","modified_gmt":"2026-04-28T10:14:26","slug":"heavy-rib-flare-housut-candy-74-80","status":"publish","type":"product","link":"https:\/\/lastenkamari.fi\/?product=heavy-rib-flare-housut-candy-74-80","title":{"rendered":"Heavy Rib Flare -Housut |  Candy &#8211; 74\/80"},"content":{"rendered":"<p>Hattaran pinkki Candy-s\u00e4vy on leikkis\u00e4 ja iloinen valinta, joka tuo asukokonaisuuksiin keveytt\u00e4 ja iloista v\u00e4rikkyytt\u00e4. \ud83e\ude77<br \/>\nN\u00e4iss\u00e4 leve\u00e4lahkeisissa leggingseiss\u00e4 on k\u00e4yt\u00e4nn\u00f6lliset tuplakoot, jotka pident\u00e4v\u00e4t k\u00e4ytt\u00f6ik\u00e4\u00e4 ja mahdollistavat vaatteelle pidemm\u00e4n elinkaaren lapsen kasvaessa. Vy\u00f6t\u00e4r\u00f6ll\u00e4 on miellytt\u00e4v\u00e4 kuminauha, joka pit\u00e4\u00e4 leggingsit hyvin paikoillaan ilman puristavaa tunnetta.<br \/>\nLevenev\u00e4t lahkeet tuovat asuun mukavaa v\u00e4ljyytt\u00e4 ja my\u00f6s ajankohtaista tyylikkyytt\u00e4 ja yksityiskohtaa.<br \/>\nMateriaalina on luomupuuvillasekoite, johon on lis\u00e4tty kierr\u00e4tyskuitua \u2013 vastuullinen valinta, joka yhdist\u00e4\u00e4 kest\u00e4vyyden ja mukavuuden. Heavy Rib -kangas venyy k\u00e4yt\u00f6ss\u00e4, mutta palautuu pesussa takaisin muotoonsa, s\u00e4ilytt\u00e4en napakkuutensa pitk\u00e4\u00e4n.<br \/>\nMik\u00e4li et ole varma oikeasta koosta, suosittelemme katsomaan apua kokotaulukosta.<\/p>\n","protected":false},"excerpt":{"rendered":"<p>Hattaran pinkki Candy-s\u00e4vy on leikkis\u00e4 ja iloinen valinta, joka tuo asukokonaisuuksiin keveytt\u00e4 ja iloista v\u00e4rikkyytt\u00e4. \ud83e\ude77 N\u00e4iss\u00e4 leve\u00e4lahkeisissa leggingseiss\u00e4 on k\u00e4yt\u00e4nn\u00f6lliset tuplakoot, jotka pident\u00e4v\u00e4t k\u00e4ytt\u00f6ik\u00e4\u00e4 ja mahdollistavat vaatteelle pidemm\u00e4n elinkaaren lapsen kasvaessa. Vy\u00f6t\u00e4r\u00f6ll\u00e4 on miellytt\u00e4v\u00e4 kuminauha, joka pit\u00e4\u00e4 leggingsit hyvin paikoillaan ilman puristavaa tunnetta. Levenev\u00e4t lahkeet tuovat asuun mukavaa v\u00e4ljyytt\u00e4 [&hellip;]<\/p>\n","protected":false},"featured_media":658,"comment_status":"open","ping_status":"closed","template":"","meta":[],"product_brand":[51],"product_cat":[40],"product_tag":[26],"class_list":{"0":"post-657","1":"product","2":"type-product","3":"status-publish","4":"has-post-thumbnail","6":"product_brand-circus-of-my-life","7":"product_cat-lastenvaatteet","8":"product_tag-metsola","10":"first","11":"instock","12":"shipping-taxable","13":"product-type-external"},"_links":{"self":[{"href":"https:\/\/lastenkamari.fi\/index.php?rest_route=\/wp\/v2\/product\/657","targetHints":{"allow":["GET"]}}],"collection":[{"href":"https:\/\/lastenkamari.fi\/index.php?rest_route=\/wp\/v2\/product"}],"about":[{"href":"https:\/\/lastenkamari.fi\/index.php?rest_route=\/wp\/v2\/types\/product"}],"replies":[{"embeddable":true,"href":"https:\/\/lastenkamari.fi\/index.php?rest_route=%2Fwp%2Fv2%2Fcomments&post=657"}],"wp:featuredmedia":[{"embeddable":true,"href":"https:\/\/lastenkamari.fi\/index.php?rest_route=\/wp\/v2\/media\/658"}],"wp:attachment":[{"href":"https:\/\/lastenkamari.fi\/index.php?rest_route=%2Fwp%2Fv2%2Fmedia&parent=657"}],"wp:term":[{"taxonomy":"product_brand","embeddable":true,"href":"https:\/\/lastenkamari.fi\/index.php?rest_route=%2Fwp%2Fv2%2Fproduct_brand&post=657"},{"taxonomy":"product_cat","embeddable":true,"href":"https:\/\/lastenkamari.fi\/index.php?rest_route=%2Fwp%2Fv2%2Fproduct_cat&post=657"},{"taxonomy":"product_tag","embeddable":true,"href":"https:\/\/lastenkamari.fi\/index.php?rest_route=%2Fwp%2Fv2%2Fproduct_tag&post=657"}],"curies":[{"name":"wp","href":"https:\/\/api.w.org\/{rel}","templated":true}]}}