{"id":665,"date":"2026-04-28T10:14:27","date_gmt":"2026-04-28T10:14:27","guid":{"rendered":"https:\/\/lastenkamari.fi\/?post_type=product&#038;p=665"},"modified":"2026-04-28T10:14:28","modified_gmt":"2026-04-28T10:14:28","slug":"bunny-candy-leggingsit-50-56","status":"publish","type":"product","link":"https:\/\/lastenkamari.fi\/?product=bunny-candy-leggingsit-50-56","title":{"rendered":"Bunny Candy -Leggingsit &#8211; 50\/56"},"content":{"rendered":"<p>Bunny Candy -leggingsit kuuluvat Little Spring Bunnies -mallistoon, jossa Henna Adelin rakastetut pupuhahmot p\u00e4\u00e4sev\u00e4t esille hurmaavassa kuosissa. Candy-s\u00e4vy on herkullinen, syvempi pinkki, joka tuo asuun iloa ja n\u00e4ytt\u00e4vyytt\u00e4.<br \/>\nLeggingsien pupukuosi tekee niist\u00e4 katseenvangitsijan, joka toimii kauniisti sek\u00e4 yksinkertaisempien yl\u00e4osien ett\u00e4 malliston yhteensopivien kuosien kanssa. Pehme\u00e4 luomupuuvillainen trikoo joustaa ja tuntuu mukavalta k\u00e4yt\u00f6ss\u00e4 koko p\u00e4iv\u00e4n.<br \/>\nHelppo ja monik\u00e4ytt\u00f6inen vaate, joka kulkee mukana kev\u00e4\u00e4n ja kes\u00e4n kaikissa hetkiss\u00e4.<br \/>\nKuosin kohdistus on jokaisessa tuotteessa yksil\u00f6llinen. Mik\u00e4li et ole varma oikeasta koosta, suosittelemme katsomaan apua kokotaulukosta.<\/p>\n","protected":false},"excerpt":{"rendered":"<p>Bunny Candy -leggingsit kuuluvat Little Spring Bunnies -mallistoon, jossa Henna Adelin rakastetut pupuhahmot p\u00e4\u00e4sev\u00e4t esille hurmaavassa kuosissa. Candy-s\u00e4vy on herkullinen, syvempi pinkki, joka tuo asuun iloa ja n\u00e4ytt\u00e4vyytt\u00e4. Leggingsien pupukuosi tekee niist\u00e4 katseenvangitsijan, joka toimii kauniisti sek\u00e4 yksinkertaisempien yl\u00e4osien ett\u00e4 malliston yhteensopivien kuosien kanssa. Pehme\u00e4 luomupuuvillainen trikoo joustaa ja tuntuu [&hellip;]<\/p>\n","protected":false},"featured_media":666,"comment_status":"open","ping_status":"closed","template":"","meta":[],"product_brand":[52],"product_cat":[40],"product_tag":[26],"class_list":{"0":"post-665","1":"product","2":"type-product","3":"status-publish","4":"has-post-thumbnail","6":"product_brand-little-spring-bunnies","7":"product_cat-lastenvaatteet","8":"product_tag-metsola","10":"first","11":"instock","12":"shipping-taxable","13":"product-type-external"},"_links":{"self":[{"href":"https:\/\/lastenkamari.fi\/index.php?rest_route=\/wp\/v2\/product\/665","targetHints":{"allow":["GET"]}}],"collection":[{"href":"https:\/\/lastenkamari.fi\/index.php?rest_route=\/wp\/v2\/product"}],"about":[{"href":"https:\/\/lastenkamari.fi\/index.php?rest_route=\/wp\/v2\/types\/product"}],"replies":[{"embeddable":true,"href":"https:\/\/lastenkamari.fi\/index.php?rest_route=%2Fwp%2Fv2%2Fcomments&post=665"}],"wp:featuredmedia":[{"embeddable":true,"href":"https:\/\/lastenkamari.fi\/index.php?rest_route=\/wp\/v2\/media\/666"}],"wp:attachment":[{"href":"https:\/\/lastenkamari.fi\/index.php?rest_route=%2Fwp%2Fv2%2Fmedia&parent=665"}],"wp:term":[{"taxonomy":"product_brand","embeddable":true,"href":"https:\/\/lastenkamari.fi\/index.php?rest_route=%2Fwp%2Fv2%2Fproduct_brand&post=665"},{"taxonomy":"product_cat","embeddable":true,"href":"https:\/\/lastenkamari.fi\/index.php?rest_route=%2Fwp%2Fv2%2Fproduct_cat&post=665"},{"taxonomy":"product_tag","embeddable":true,"href":"https:\/\/lastenkamari.fi\/index.php?rest_route=%2Fwp%2Fv2%2Fproduct_tag&post=665"}],"curies":[{"name":"wp","href":"https:\/\/api.w.org\/{rel}","templated":true}]}}