{"id":67,"date":"2026-04-28T10:11:13","date_gmt":"2026-04-28T10:11:13","guid":{"rendered":"https:\/\/lastenkamari.fi\/?post_type=product&#038;p=67"},"modified":"2026-04-28T10:11:14","modified_gmt":"2026-04-28T10:11:14","slug":"sophy-tapered-pants-housut-electric-xs","status":"publish","type":"product","link":"https:\/\/lastenkamari.fi\/?product=sophy-tapered-pants-housut-electric-xs","title":{"rendered":"Sophy Tapered Pants -Housut |  Electric &#8211; XS"},"content":{"rendered":"<p>Sophy Tapered Pants -kapenevalahkeiset housut v\u00e4riss\u00e4 Electric yhdist\u00e4v\u00e4t rennon mukavuuden ja modernin, kapenevan siluetin. N\u00e4ytt\u00e4v\u00e4 Sophy-kuosi sinisess\u00e4 s\u00e4vyss\u00e4 tuo asuun raikkautta ja asennetta.<br \/>\nHousuissa on k\u00e4yt\u00e4nn\u00f6lliset taskut sivusaumoissa, jotka lis\u00e4\u00e4v\u00e4t k\u00e4ytt\u00f6mukavuutta arjessa.\u00a0<br \/>\nT\u00e4ydellinen valinta niin rentoon arkipukeutumiseen kuin n\u00e4ytt\u00e4v\u00e4mpiin kes\u00e4asuihin.<br \/>\nKuosin kohdistus on jokaisessa tuotteessa yksil\u00f6llinen. Mik\u00e4li et ole varma oikeasta koosta, suosittelemme katsomaan apua kokotaulukosta. Huomio mittataulukosta: mittataulukon vy\u00f6t\u00e4r\u00f6n venytetty mitta vastaa lantion maksimiymp\u00e4ryst\u00e4, jotta housut on vaivaton vet\u00e4\u00e4 p\u00e4\u00e4lle.<\/p>\n","protected":false},"excerpt":{"rendered":"<p>Sophy Tapered Pants -kapenevalahkeiset housut v\u00e4riss\u00e4 Electric yhdist\u00e4v\u00e4t rennon mukavuuden ja modernin, kapenevan siluetin. N\u00e4ytt\u00e4v\u00e4 Sophy-kuosi sinisess\u00e4 s\u00e4vyss\u00e4 tuo asuun raikkautta ja asennetta. Housuissa on k\u00e4yt\u00e4nn\u00f6lliset taskut sivusaumoissa, jotka lis\u00e4\u00e4v\u00e4t k\u00e4ytt\u00f6mukavuutta arjessa.\u00a0 T\u00e4ydellinen valinta niin rentoon arkipukeutumiseen kuin n\u00e4ytt\u00e4v\u00e4mpiin kes\u00e4asuihin. Kuosin kohdistus on jokaisessa tuotteessa yksil\u00f6llinen. Mik\u00e4li et ole varma [&hellip;]<\/p>\n","protected":false},"featured_media":68,"comment_status":"open","ping_status":"closed","template":"","meta":[],"product_brand":[30],"product_cat":[25],"product_tag":[26],"class_list":{"0":"post-67","1":"product","2":"type-product","3":"status-publish","4":"has-post-thumbnail","6":"product_brand-cest-la-vie","7":"product_cat-aikuisten-vaatteet","8":"product_tag-metsola","10":"first","11":"instock","12":"shipping-taxable","13":"product-type-external"},"_links":{"self":[{"href":"https:\/\/lastenkamari.fi\/index.php?rest_route=\/wp\/v2\/product\/67","targetHints":{"allow":["GET"]}}],"collection":[{"href":"https:\/\/lastenkamari.fi\/index.php?rest_route=\/wp\/v2\/product"}],"about":[{"href":"https:\/\/lastenkamari.fi\/index.php?rest_route=\/wp\/v2\/types\/product"}],"replies":[{"embeddable":true,"href":"https:\/\/lastenkamari.fi\/index.php?rest_route=%2Fwp%2Fv2%2Fcomments&post=67"}],"wp:featuredmedia":[{"embeddable":true,"href":"https:\/\/lastenkamari.fi\/index.php?rest_route=\/wp\/v2\/media\/68"}],"wp:attachment":[{"href":"https:\/\/lastenkamari.fi\/index.php?rest_route=%2Fwp%2Fv2%2Fmedia&parent=67"}],"wp:term":[{"taxonomy":"product_brand","embeddable":true,"href":"https:\/\/lastenkamari.fi\/index.php?rest_route=%2Fwp%2Fv2%2Fproduct_brand&post=67"},{"taxonomy":"product_cat","embeddable":true,"href":"https:\/\/lastenkamari.fi\/index.php?rest_route=%2Fwp%2Fv2%2Fproduct_cat&post=67"},{"taxonomy":"product_tag","embeddable":true,"href":"https:\/\/lastenkamari.fi\/index.php?rest_route=%2Fwp%2Fv2%2Fproduct_tag&post=67"}],"curies":[{"name":"wp","href":"https:\/\/api.w.org\/{rel}","templated":true}]}}