{"id":713,"date":"2026-04-28T10:14:49","date_gmt":"2026-04-28T10:14:49","guid":{"rendered":"https:\/\/lastenkamari.fi\/?post_type=product&#038;p=713"},"modified":"2026-04-28T10:14:50","modified_gmt":"2026-04-28T10:14:50","slug":"cotton-knit-tuubihuivi-puuvilla-nougat","status":"publish","type":"product","link":"https:\/\/lastenkamari.fi\/?product=cotton-knit-tuubihuivi-puuvilla-nougat","title":{"rendered":"Cotton Knit -Tuubihuivi, Puuvilla | Nougat"},"content":{"rendered":"<p>Pehme\u00e4 ja ajattoman tyylik\u00e4s Cotton Knit -tuubihuivi on arjen luottovaruste viile\u00e4mpiin p\u00e4iviin. L\u00e4mmin Nougat-s\u00e4vy on helppo yhdist\u00e4\u00e4 erilaisiin asukokonaisuuksiin ja Metsolan kauden vaatteisiin.<br \/>\nValmistettu pehme\u00e4st\u00e4 luomupuuvillaisesta neuloksesta, joka tuntuu miellytt\u00e4v\u00e4lt\u00e4 ja hengitt\u00e4\u00e4 hyvin. Joustava neulos tuo huiviin rakennetta ja sopivaa l\u00e4mp\u00f6\u00e4 arjen k\u00e4ytt\u00f6\u00f6n.<br \/>\nCircus of my life -malliston v\u00e4rimaailma on kuin karkkikaupasta! Mallisto on ylistys arjen ainutlaatuisuudelle &#8211; naurulle, kaaokselle ja niille pienille hetkille, jotka tekev\u00e4t lapsiperheen el\u00e4m\u00e4st\u00e4 juuri niin ihanan v\u00e4rik\u00e4st\u00e4 ja vauhdikasta. \ud83e\udd0d<\/p>\n","protected":false},"excerpt":{"rendered":"<p>Pehme\u00e4 ja ajattoman tyylik\u00e4s Cotton Knit -tuubihuivi on arjen luottovaruste viile\u00e4mpiin p\u00e4iviin. L\u00e4mmin Nougat-s\u00e4vy on helppo yhdist\u00e4\u00e4 erilaisiin asukokonaisuuksiin ja Metsolan kauden vaatteisiin. Valmistettu pehme\u00e4st\u00e4 luomupuuvillaisesta neuloksesta, joka tuntuu miellytt\u00e4v\u00e4lt\u00e4 ja hengitt\u00e4\u00e4 hyvin. Joustava neulos tuo huiviin rakennetta ja sopivaa l\u00e4mp\u00f6\u00e4 arjen k\u00e4ytt\u00f6\u00f6n. Circus of my life -malliston v\u00e4rimaailma on [&hellip;]<\/p>\n","protected":false},"featured_media":714,"comment_status":"open","ping_status":"closed","template":"","meta":[],"product_brand":[51],"product_cat":[40],"product_tag":[26],"class_list":{"0":"post-713","1":"product","2":"type-product","3":"status-publish","4":"has-post-thumbnail","6":"product_brand-circus-of-my-life","7":"product_cat-lastenvaatteet","8":"product_tag-metsola","10":"first","11":"instock","12":"shipping-taxable","13":"product-type-external"},"_links":{"self":[{"href":"https:\/\/lastenkamari.fi\/index.php?rest_route=\/wp\/v2\/product\/713","targetHints":{"allow":["GET"]}}],"collection":[{"href":"https:\/\/lastenkamari.fi\/index.php?rest_route=\/wp\/v2\/product"}],"about":[{"href":"https:\/\/lastenkamari.fi\/index.php?rest_route=\/wp\/v2\/types\/product"}],"replies":[{"embeddable":true,"href":"https:\/\/lastenkamari.fi\/index.php?rest_route=%2Fwp%2Fv2%2Fcomments&post=713"}],"wp:featuredmedia":[{"embeddable":true,"href":"https:\/\/lastenkamari.fi\/index.php?rest_route=\/wp\/v2\/media\/714"}],"wp:attachment":[{"href":"https:\/\/lastenkamari.fi\/index.php?rest_route=%2Fwp%2Fv2%2Fmedia&parent=713"}],"wp:term":[{"taxonomy":"product_brand","embeddable":true,"href":"https:\/\/lastenkamari.fi\/index.php?rest_route=%2Fwp%2Fv2%2Fproduct_brand&post=713"},{"taxonomy":"product_cat","embeddable":true,"href":"https:\/\/lastenkamari.fi\/index.php?rest_route=%2Fwp%2Fv2%2Fproduct_cat&post=713"},{"taxonomy":"product_tag","embeddable":true,"href":"https:\/\/lastenkamari.fi\/index.php?rest_route=%2Fwp%2Fv2%2Fproduct_tag&post=713"}],"curies":[{"name":"wp","href":"https:\/\/api.w.org\/{rel}","templated":true}]}}