{"id":741,"date":"2026-04-28T10:14:57","date_gmt":"2026-04-28T10:14:57","guid":{"rendered":"https:\/\/lastenkamari.fi\/?post_type=product&#038;p=741"},"modified":"2026-04-28T10:14:58","modified_gmt":"2026-04-28T10:14:58","slug":"bunny-candy-bomber-74-80","status":"publish","type":"product","link":"https:\/\/lastenkamari.fi\/?product=bunny-candy-bomber-74-80","title":{"rendered":"Bunny Candy -Bomber &#8211; 74\/80"},"content":{"rendered":"<p>Bunny Candy -Bomber kuuluu Little Spring Bunnies -mallistoon, jossa Henna Adelin rakastetut, k\u00e4sin maalatut puput hurmaavat ajattomalla kuvituksellaan. Candy on herkullinen, syvempi pinkki s\u00e4vy, joka tuo asuun iloa ja n\u00e4ytt\u00e4vyytt\u00e4.<br \/>\nBomber-mallinen paita toimii sek\u00e4 kevyen\u00e4 takkina ett\u00e4 osana kerrospukeutumista. N\u00e4ytt\u00e4v\u00e4 pupukuosi tekee t\u00e4st\u00e4 lasten bomberista katseenvangitsijan, ja pehme\u00e4 luomupuuvillainen college tuo k\u00e4ytt\u00f6mukavuutta jokaiseen p\u00e4iv\u00e4\u00e4n.<br \/>\nRento mutta huoliteltu malli tekee t\u00e4st\u00e4 vaatteesta monik\u00e4ytt\u00f6isen suosikin kev\u00e4\u00e4n vaihteleviin p\u00e4iviin.<br \/>\nKuosin kohdistus on jokaisessa tuotteessa yksil\u00f6llinen. Mik\u00e4li et ole varma oikeasta koosta, suosittelemme katsomaan apua kokotaulukosta.<\/p>\n","protected":false},"excerpt":{"rendered":"<p>Bunny Candy -Bomber kuuluu Little Spring Bunnies -mallistoon, jossa Henna Adelin rakastetut, k\u00e4sin maalatut puput hurmaavat ajattomalla kuvituksellaan. Candy on herkullinen, syvempi pinkki s\u00e4vy, joka tuo asuun iloa ja n\u00e4ytt\u00e4vyytt\u00e4. Bomber-mallinen paita toimii sek\u00e4 kevyen\u00e4 takkina ett\u00e4 osana kerrospukeutumista. N\u00e4ytt\u00e4v\u00e4 pupukuosi tekee t\u00e4st\u00e4 lasten bomberista katseenvangitsijan, ja pehme\u00e4 luomupuuvillainen college [&hellip;]<\/p>\n","protected":false},"featured_media":742,"comment_status":"open","ping_status":"closed","template":"","meta":[],"product_brand":[52],"product_cat":[40],"product_tag":[26],"class_list":{"0":"post-741","1":"product","2":"type-product","3":"status-publish","4":"has-post-thumbnail","6":"product_brand-little-spring-bunnies","7":"product_cat-lastenvaatteet","8":"product_tag-metsola","10":"first","11":"instock","12":"shipping-taxable","13":"product-type-external"},"_links":{"self":[{"href":"https:\/\/lastenkamari.fi\/index.php?rest_route=\/wp\/v2\/product\/741","targetHints":{"allow":["GET"]}}],"collection":[{"href":"https:\/\/lastenkamari.fi\/index.php?rest_route=\/wp\/v2\/product"}],"about":[{"href":"https:\/\/lastenkamari.fi\/index.php?rest_route=\/wp\/v2\/types\/product"}],"replies":[{"embeddable":true,"href":"https:\/\/lastenkamari.fi\/index.php?rest_route=%2Fwp%2Fv2%2Fcomments&post=741"}],"wp:featuredmedia":[{"embeddable":true,"href":"https:\/\/lastenkamari.fi\/index.php?rest_route=\/wp\/v2\/media\/742"}],"wp:attachment":[{"href":"https:\/\/lastenkamari.fi\/index.php?rest_route=%2Fwp%2Fv2%2Fmedia&parent=741"}],"wp:term":[{"taxonomy":"product_brand","embeddable":true,"href":"https:\/\/lastenkamari.fi\/index.php?rest_route=%2Fwp%2Fv2%2Fproduct_brand&post=741"},{"taxonomy":"product_cat","embeddable":true,"href":"https:\/\/lastenkamari.fi\/index.php?rest_route=%2Fwp%2Fv2%2Fproduct_cat&post=741"},{"taxonomy":"product_tag","embeddable":true,"href":"https:\/\/lastenkamari.fi\/index.php?rest_route=%2Fwp%2Fv2%2Fproduct_tag&post=741"}],"curies":[{"name":"wp","href":"https:\/\/api.w.org\/{rel}","templated":true}]}}