{"id":749,"date":"2026-04-28T10:15:00","date_gmt":"2026-04-28T10:15:00","guid":{"rendered":"https:\/\/lastenkamari.fi\/?post_type=product&#038;p=749"},"modified":"2026-04-28T10:15:01","modified_gmt":"2026-04-28T10:15:01","slug":"kettu-koristetyynynpaallinen-sand","status":"publish","type":"product","link":"https:\/\/lastenkamari.fi\/?product=kettu-koristetyynynpaallinen-sand","title":{"rendered":"Kettu -Koristetyynynp\u00e4\u00e4llinen | Sand"},"content":{"rendered":"<p>Hienostunut Kettu-koristetyynynp\u00e4\u00e4llinen Henna Adelin odotetulla Kettu-kuosilla painettuna valkaisemattomalle puuvillakankaalle.<br \/>\nTyynynp\u00e4\u00e4llisess\u00e4 on yksi Kettu painettuna valkaisemattomalle luomupuuvillalle. Tyynynp\u00e4\u00e4llisen koko on 40x40cm.<br \/>\nHuomioithan, ett\u00e4 valkaisemattomassa puuvillassa saattaa olla luonnonmukaisia s\u00e4vyeroja ja kankaassa saattaa olla esimerkiksi pieni\u00e4 tummia pilkkuja, jotka kuuluvat kankaaseen. N\u00e4iss\u00e4 ei ole kyse virheellisest\u00e4 tuotteesta vaan t\u00e4m\u00e4 on osa valkaisemattoman luonnonmateriaalin luonnollisia eroja.<\/p>\n","protected":false},"excerpt":{"rendered":"<p>Hienostunut Kettu-koristetyynynp\u00e4\u00e4llinen Henna Adelin odotetulla Kettu-kuosilla painettuna valkaisemattomalle puuvillakankaalle. Tyynynp\u00e4\u00e4llisess\u00e4 on yksi Kettu painettuna valkaisemattomalle luomupuuvillalle. Tyynynp\u00e4\u00e4llisen koko on 40x40cm. Huomioithan, ett\u00e4 valkaisemattomassa puuvillassa saattaa olla luonnonmukaisia s\u00e4vyeroja ja kankaassa saattaa olla esimerkiksi pieni\u00e4 tummia pilkkuja, jotka kuuluvat kankaaseen. N\u00e4iss\u00e4 ei ole kyse virheellisest\u00e4 tuotteesta vaan t\u00e4m\u00e4 on osa valkaisemattoman [&hellip;]<\/p>\n","protected":false},"featured_media":750,"comment_status":"open","ping_status":"closed","template":"","meta":[],"product_brand":[58],"product_cat":[57],"product_tag":[26],"class_list":{"0":"post-749","1":"product","2":"type-product","3":"status-publish","4":"has-post-thumbnail","6":"product_brand-anno-x-metsola","7":"product_cat-sisustus","8":"product_tag-metsola","10":"first","11":"instock","12":"shipping-taxable","13":"product-type-external"},"_links":{"self":[{"href":"https:\/\/lastenkamari.fi\/index.php?rest_route=\/wp\/v2\/product\/749","targetHints":{"allow":["GET"]}}],"collection":[{"href":"https:\/\/lastenkamari.fi\/index.php?rest_route=\/wp\/v2\/product"}],"about":[{"href":"https:\/\/lastenkamari.fi\/index.php?rest_route=\/wp\/v2\/types\/product"}],"replies":[{"embeddable":true,"href":"https:\/\/lastenkamari.fi\/index.php?rest_route=%2Fwp%2Fv2%2Fcomments&post=749"}],"wp:featuredmedia":[{"embeddable":true,"href":"https:\/\/lastenkamari.fi\/index.php?rest_route=\/wp\/v2\/media\/750"}],"wp:attachment":[{"href":"https:\/\/lastenkamari.fi\/index.php?rest_route=%2Fwp%2Fv2%2Fmedia&parent=749"}],"wp:term":[{"taxonomy":"product_brand","embeddable":true,"href":"https:\/\/lastenkamari.fi\/index.php?rest_route=%2Fwp%2Fv2%2Fproduct_brand&post=749"},{"taxonomy":"product_cat","embeddable":true,"href":"https:\/\/lastenkamari.fi\/index.php?rest_route=%2Fwp%2Fv2%2Fproduct_cat&post=749"},{"taxonomy":"product_tag","embeddable":true,"href":"https:\/\/lastenkamari.fi\/index.php?rest_route=%2Fwp%2Fv2%2Fproduct_tag&post=749"}],"curies":[{"name":"wp","href":"https:\/\/api.w.org\/{rel}","templated":true}]}}