{"id":75,"date":"2026-04-28T10:11:16","date_gmt":"2026-04-28T10:11:16","guid":{"rendered":"https:\/\/lastenkamari.fi\/?post_type=product&#038;p=75"},"modified":"2026-04-28T10:11:17","modified_gmt":"2026-04-28T10:11:17","slug":"mohair-neck-warmer-villakauluri-powder","status":"publish","type":"product","link":"https:\/\/lastenkamari.fi\/?product=mohair-neck-warmer-villakauluri-powder","title":{"rendered":"Mohair Neck Warmer -Villakauluri | Powder"},"content":{"rendered":"<p>Can&#8217;t stop dreaming -mallisto on saanut inspiraationsa unelmoinnin voimasta \u2013 siit\u00e4, kuinka t\u00e4rke\u00e4\u00e4 on uskaltaa haaveilla ja kulkea rohkeasti kohti omia unelmiaan. Se heijastaa haaveilun ihmeellist\u00e4 voimaa toteuttaa mahdottomaltakin tuntuvia asioita \u2764<br \/>\nMohair Neck Warmer s\u00e4vyss\u00e4 Powder on pehme\u00e4 ja ylellinen kauluri, joka tuo talviseen pukeutumiseen sek\u00e4 l\u00e4mp\u00f6\u00e4 ett\u00e4 hienostunutta vaaleutta. Suomessa, Tuusulassa valmistettu kauluri on neulottu laadukkaasta mohairin ja merinovillan sekoituksesta \u2013 luonnonmateriaalit tekev\u00e4t siit\u00e4 hengitt\u00e4v\u00e4n, miellytt\u00e4v\u00e4n ja erinomaisesti l\u00e4mmitt\u00e4v\u00e4n.<br \/>\nMuhkea rib-neulos ja kaulurin napakka muotoilu istuvat hyvin ja suojaavat tehokkaasti kaulaa ja rintakeh\u00e4\u00e4 kylm\u00e4lt\u00e4. Hillitty ja ajaton Powder-s\u00e4vy toimii kauniisti osana niin neutraaleja kuin v\u00e4rikk\u00e4\u00e4mpi\u00e4kin asukokonaisuuksia, ja se sopii t\u00e4ydellisesti yhteen saman s\u00e4vyisen Mohair Beanie -pipon kanssa.<br \/>\nMohair Neck Warmer Powder on talviasuste, joka yhdist\u00e4\u00e4 k\u00e4yt\u00e4nn\u00f6llisyyden ja tyylikkyyden \u2013 l\u00e4mmin, kaunis ja kotimainen valinta.<\/p>\n","protected":false},"excerpt":{"rendered":"<p>Can&#8217;t stop dreaming -mallisto on saanut inspiraationsa unelmoinnin voimasta \u2013 siit\u00e4, kuinka t\u00e4rke\u00e4\u00e4 on uskaltaa haaveilla ja kulkea rohkeasti kohti omia unelmiaan. Se heijastaa haaveilun ihmeellist\u00e4 voimaa toteuttaa mahdottomaltakin tuntuvia asioita \u2764 Mohair Neck Warmer s\u00e4vyss\u00e4 Powder on pehme\u00e4 ja ylellinen kauluri, joka tuo talviseen pukeutumiseen sek\u00e4 l\u00e4mp\u00f6\u00e4 ett\u00e4 hienostunutta [&hellip;]<\/p>\n","protected":false},"featured_media":76,"comment_status":"open","ping_status":"closed","template":"","meta":[],"product_brand":[31],"product_cat":[25],"product_tag":[26],"class_list":{"0":"post-75","1":"product","2":"type-product","3":"status-publish","4":"has-post-thumbnail","6":"product_brand-cant-stop-dreaming","7":"product_cat-aikuisten-vaatteet","8":"product_tag-metsola","10":"first","11":"instock","12":"shipping-taxable","13":"product-type-external"},"_links":{"self":[{"href":"https:\/\/lastenkamari.fi\/index.php?rest_route=\/wp\/v2\/product\/75","targetHints":{"allow":["GET"]}}],"collection":[{"href":"https:\/\/lastenkamari.fi\/index.php?rest_route=\/wp\/v2\/product"}],"about":[{"href":"https:\/\/lastenkamari.fi\/index.php?rest_route=\/wp\/v2\/types\/product"}],"replies":[{"embeddable":true,"href":"https:\/\/lastenkamari.fi\/index.php?rest_route=%2Fwp%2Fv2%2Fcomments&post=75"}],"wp:featuredmedia":[{"embeddable":true,"href":"https:\/\/lastenkamari.fi\/index.php?rest_route=\/wp\/v2\/media\/76"}],"wp:attachment":[{"href":"https:\/\/lastenkamari.fi\/index.php?rest_route=%2Fwp%2Fv2%2Fmedia&parent=75"}],"wp:term":[{"taxonomy":"product_brand","embeddable":true,"href":"https:\/\/lastenkamari.fi\/index.php?rest_route=%2Fwp%2Fv2%2Fproduct_brand&post=75"},{"taxonomy":"product_cat","embeddable":true,"href":"https:\/\/lastenkamari.fi\/index.php?rest_route=%2Fwp%2Fv2%2Fproduct_cat&post=75"},{"taxonomy":"product_tag","embeddable":true,"href":"https:\/\/lastenkamari.fi\/index.php?rest_route=%2Fwp%2Fv2%2Fproduct_tag&post=75"}],"curies":[{"name":"wp","href":"https:\/\/api.w.org\/{rel}","templated":true}]}}