{"id":773,"date":"2026-04-28T10:15:10","date_gmt":"2026-04-28T10:15:10","guid":{"rendered":"https:\/\/lastenkamari.fi\/?post_type=product&#038;p=773"},"modified":"2026-04-28T10:15:11","modified_gmt":"2026-04-28T10:15:11","slug":"bunny-cap-lippalakki-licorice-6-12m","status":"publish","type":"product","link":"https:\/\/lastenkamari.fi\/?product=bunny-cap-lippalakki-licorice-6-12m","title":{"rendered":"Bunny Cap -Lippalakki | Licorice &#8211; 6-12M"},"content":{"rendered":"<p>Bunny Cap -lippalakki hurmaa suloisilla pupunkorvilla, jotka tekev\u00e4t kes\u00e4asusta leikkis\u00e4n ja persoonallisen. Klassisen mallinen lasten lippalakki suojaa pieni\u00e4 kasvoja auringolta ja viimeistelee asun iloisella, satumaisella ilmeell\u00e4. S\u00e4vyvaihtoehtoina ovat Nougat, l\u00e4mmin nougatinruskea; Lily, raikas vaalea lila; sek\u00e4 Licorice, klassinen musta.<br \/>\nBunny Cap kuuluu Metsolan Weekend Vibes -mallistoon, joka on t\u00e4ynn\u00e4 kiireett\u00f6mien viikonloppujen tunnelmaa, valoisia aamuja ja kev\u00e4\u00e4n kepe\u00e4\u00e4 energiaa. Malliston leikkis\u00e4t kuosit, pehme\u00e4t materiaalit ja harmoninen v\u00e4ripaletti viev\u00e4t pienet seikkailijat aurinkoisiin p\u00e4iviin, kukkiville niityille ja huolettomiin leikkihetkiin.<br \/>\nMik\u00e4li et ole varma oikeasta koosta, suosittelemme katsomaan apua kokotaulukosta.- Suosittelemme valitsemaan lippalakin koon k\u00e4ytt\u00e4j\u00e4n p\u00e4\u00e4nymp\u00e4ryksen mukaan. Koot ovat reiluhkoja, joten miettiess\u00e4si kahden koon v\u00e4lill\u00e4, suosittelemme valitsemaan pienemm\u00e4n.<\/p>\n","protected":false},"excerpt":{"rendered":"<p>Bunny Cap -lippalakki hurmaa suloisilla pupunkorvilla, jotka tekev\u00e4t kes\u00e4asusta leikkis\u00e4n ja persoonallisen. Klassisen mallinen lasten lippalakki suojaa pieni\u00e4 kasvoja auringolta ja viimeistelee asun iloisella, satumaisella ilmeell\u00e4. S\u00e4vyvaihtoehtoina ovat Nougat, l\u00e4mmin nougatinruskea; Lily, raikas vaalea lila; sek\u00e4 Licorice, klassinen musta. Bunny Cap kuuluu Metsolan Weekend Vibes -mallistoon, joka on t\u00e4ynn\u00e4 kiireett\u00f6mien [&hellip;]<\/p>\n","protected":false},"featured_media":774,"comment_status":"open","ping_status":"closed","template":"","meta":[],"product_brand":[35],"product_cat":[59],"product_tag":[26],"class_list":{"0":"post-773","1":"product","2":"type-product","3":"status-publish","4":"has-post-thumbnail","6":"product_brand-weekend-vibes","7":"product_cat-asusteet","8":"product_tag-metsola","10":"first","11":"instock","12":"shipping-taxable","13":"product-type-external"},"_links":{"self":[{"href":"https:\/\/lastenkamari.fi\/index.php?rest_route=\/wp\/v2\/product\/773","targetHints":{"allow":["GET"]}}],"collection":[{"href":"https:\/\/lastenkamari.fi\/index.php?rest_route=\/wp\/v2\/product"}],"about":[{"href":"https:\/\/lastenkamari.fi\/index.php?rest_route=\/wp\/v2\/types\/product"}],"replies":[{"embeddable":true,"href":"https:\/\/lastenkamari.fi\/index.php?rest_route=%2Fwp%2Fv2%2Fcomments&post=773"}],"wp:featuredmedia":[{"embeddable":true,"href":"https:\/\/lastenkamari.fi\/index.php?rest_route=\/wp\/v2\/media\/774"}],"wp:attachment":[{"href":"https:\/\/lastenkamari.fi\/index.php?rest_route=%2Fwp%2Fv2%2Fmedia&parent=773"}],"wp:term":[{"taxonomy":"product_brand","embeddable":true,"href":"https:\/\/lastenkamari.fi\/index.php?rest_route=%2Fwp%2Fv2%2Fproduct_brand&post=773"},{"taxonomy":"product_cat","embeddable":true,"href":"https:\/\/lastenkamari.fi\/index.php?rest_route=%2Fwp%2Fv2%2Fproduct_cat&post=773"},{"taxonomy":"product_tag","embeddable":true,"href":"https:\/\/lastenkamari.fi\/index.php?rest_route=%2Fwp%2Fv2%2Fproduct_tag&post=773"}],"curies":[{"name":"wp","href":"https:\/\/api.w.org\/{rel}","templated":true}]}}