{"id":817,"date":"2026-04-28T10:15:22","date_gmt":"2026-04-28T10:15:22","guid":{"rendered":"https:\/\/lastenkamari.fi\/?post_type=product&#038;p=817"},"modified":"2026-04-28T10:15:24","modified_gmt":"2026-04-28T10:15:24","slug":"good-mood-rib-t-paita-toffee-74-80","status":"publish","type":"product","link":"https:\/\/lastenkamari.fi\/?product=good-mood-rib-t-paita-toffee-74-80","title":{"rendered":"Good Mood Rib -T-Paita | Toffee &#8211; 74\/80"},"content":{"rendered":"<p>Good Mood Rib T-Paita v\u00e4riss\u00e4 Toffee on mukava ja tyylik\u00e4s lasten t-paita, jossa leikkis\u00e4 Good Mood -m\u00e4yr\u00e4koirakuosi tuo asuun modernia ilmett\u00e4. Vaalealla pohjalla kulkevat ruskeat m\u00e4yr\u00e4koirat luovat graafisen ja ajattoman kokonaisuuden.<br \/>\nPaita on osa Metsolan Weekend Vibes -mallistoa, joka juhlistaa kev\u00e4\u00e4n keveytt\u00e4, aurinkoisia p\u00e4ivi\u00e4 ja huolettomia leikkihetki\u00e4.<br \/>\nPehme\u00e4 ribbimateriaali joustaa miellytt\u00e4v\u00e4sti ja tekee paidasta mukavan aktiivisiin p\u00e4iviin. Helposti yhdistelt\u00e4v\u00e4 t-paita sopii t\u00e4ydellisesti esimerkiksi leggingsien, shortsien tai farkkujen kanssa.<br \/>\nMik\u00e4li et ole varma oikeasta koosta, suosittelemme katsomaan apua kokotaulukosta.<\/p>\n","protected":false},"excerpt":{"rendered":"<p>Good Mood Rib T-Paita v\u00e4riss\u00e4 Toffee on mukava ja tyylik\u00e4s lasten t-paita, jossa leikkis\u00e4 Good Mood -m\u00e4yr\u00e4koirakuosi tuo asuun modernia ilmett\u00e4. Vaalealla pohjalla kulkevat ruskeat m\u00e4yr\u00e4koirat luovat graafisen ja ajattoman kokonaisuuden. Paita on osa Metsolan Weekend Vibes -mallistoa, joka juhlistaa kev\u00e4\u00e4n keveytt\u00e4, aurinkoisia p\u00e4ivi\u00e4 ja huolettomia leikkihetki\u00e4. Pehme\u00e4 ribbimateriaali joustaa [&hellip;]<\/p>\n","protected":false},"featured_media":818,"comment_status":"open","ping_status":"closed","template":"","meta":[],"product_brand":[35],"product_cat":[40],"product_tag":[26],"class_list":{"0":"post-817","1":"product","2":"type-product","3":"status-publish","4":"has-post-thumbnail","6":"product_brand-weekend-vibes","7":"product_cat-lastenvaatteet","8":"product_tag-metsola","10":"first","11":"instock","12":"shipping-taxable","13":"product-type-external"},"_links":{"self":[{"href":"https:\/\/lastenkamari.fi\/index.php?rest_route=\/wp\/v2\/product\/817","targetHints":{"allow":["GET"]}}],"collection":[{"href":"https:\/\/lastenkamari.fi\/index.php?rest_route=\/wp\/v2\/product"}],"about":[{"href":"https:\/\/lastenkamari.fi\/index.php?rest_route=\/wp\/v2\/types\/product"}],"replies":[{"embeddable":true,"href":"https:\/\/lastenkamari.fi\/index.php?rest_route=%2Fwp%2Fv2%2Fcomments&post=817"}],"wp:featuredmedia":[{"embeddable":true,"href":"https:\/\/lastenkamari.fi\/index.php?rest_route=\/wp\/v2\/media\/818"}],"wp:attachment":[{"href":"https:\/\/lastenkamari.fi\/index.php?rest_route=%2Fwp%2Fv2%2Fmedia&parent=817"}],"wp:term":[{"taxonomy":"product_brand","embeddable":true,"href":"https:\/\/lastenkamari.fi\/index.php?rest_route=%2Fwp%2Fv2%2Fproduct_brand&post=817"},{"taxonomy":"product_cat","embeddable":true,"href":"https:\/\/lastenkamari.fi\/index.php?rest_route=%2Fwp%2Fv2%2Fproduct_cat&post=817"},{"taxonomy":"product_tag","embeddable":true,"href":"https:\/\/lastenkamari.fi\/index.php?rest_route=%2Fwp%2Fv2%2Fproduct_tag&post=817"}],"curies":[{"name":"wp","href":"https:\/\/api.w.org\/{rel}","templated":true}]}}