{"id":827,"date":"2026-04-28T10:15:25","date_gmt":"2026-04-28T10:15:25","guid":{"rendered":"https:\/\/lastenkamari.fi\/?post_type=product&#038;p=827"},"modified":"2026-04-28T10:15:26","modified_gmt":"2026-04-28T10:15:26","slug":"bunny-candy-t-paita-74-80","status":"publish","type":"product","link":"https:\/\/lastenkamari.fi\/?product=bunny-candy-t-paita-74-80","title":{"rendered":"Bunny Candy -T-Paita &#8211; 74\/80"},"content":{"rendered":"<p>Bunny Candy t-paita kuuluu Little Spring Bunnies -mallistoon, jossa Henna Adelin suloiset, k\u00e4sin maalatut puput ihastuttavat ajattomalla ilmeell\u00e4\u00e4n. Candy on herkullinen, syvempi pinkki s\u00e4vy, joka tuo asuun iloa ja n\u00e4ytt\u00e4vyytt\u00e4.<br \/>\nT-paidan etupuolella on yksi hurmaava pupu printtin\u00e4, joka tekee paidasta samalla sek\u00e4 n\u00e4ytt\u00e4v\u00e4n ett\u00e4 helposti yhdistelt\u00e4v\u00e4n. Pehme\u00e4 luomupuuvilla tuntuu mukavalta p\u00e4\u00e4ll\u00e4 ja joustaa lapsen liikkeiss\u00e4.<br \/>\nT\u00e4ydellinen valinta kev\u00e4\u00e4seen ja kes\u00e4\u00e4n &#8211; yhdist\u00e4 vaivattomasti niin yksiv\u00e4risiin alaosiin kuin malliston kuosillisiin vaihtoehtoihin.<br \/>\nMik\u00e4li et ole varma oikeasta koosta, suosittelemme katsomaan apua kokotaulukosta.<\/p>\n","protected":false},"excerpt":{"rendered":"<p>Bunny Candy t-paita kuuluu Little Spring Bunnies -mallistoon, jossa Henna Adelin suloiset, k\u00e4sin maalatut puput ihastuttavat ajattomalla ilmeell\u00e4\u00e4n. Candy on herkullinen, syvempi pinkki s\u00e4vy, joka tuo asuun iloa ja n\u00e4ytt\u00e4vyytt\u00e4. T-paidan etupuolella on yksi hurmaava pupu printtin\u00e4, joka tekee paidasta samalla sek\u00e4 n\u00e4ytt\u00e4v\u00e4n ett\u00e4 helposti yhdistelt\u00e4v\u00e4n. Pehme\u00e4 luomupuuvilla tuntuu mukavalta [&hellip;]<\/p>\n","protected":false},"featured_media":828,"comment_status":"open","ping_status":"closed","template":"","meta":[],"product_brand":[52],"product_cat":[40],"product_tag":[26],"class_list":{"0":"post-827","1":"product","2":"type-product","3":"status-publish","4":"has-post-thumbnail","6":"product_brand-little-spring-bunnies","7":"product_cat-lastenvaatteet","8":"product_tag-metsola","10":"first","11":"instock","12":"shipping-taxable","13":"product-type-external"},"_links":{"self":[{"href":"https:\/\/lastenkamari.fi\/index.php?rest_route=\/wp\/v2\/product\/827","targetHints":{"allow":["GET"]}}],"collection":[{"href":"https:\/\/lastenkamari.fi\/index.php?rest_route=\/wp\/v2\/product"}],"about":[{"href":"https:\/\/lastenkamari.fi\/index.php?rest_route=\/wp\/v2\/types\/product"}],"replies":[{"embeddable":true,"href":"https:\/\/lastenkamari.fi\/index.php?rest_route=%2Fwp%2Fv2%2Fcomments&post=827"}],"wp:featuredmedia":[{"embeddable":true,"href":"https:\/\/lastenkamari.fi\/index.php?rest_route=\/wp\/v2\/media\/828"}],"wp:attachment":[{"href":"https:\/\/lastenkamari.fi\/index.php?rest_route=%2Fwp%2Fv2%2Fmedia&parent=827"}],"wp:term":[{"taxonomy":"product_brand","embeddable":true,"href":"https:\/\/lastenkamari.fi\/index.php?rest_route=%2Fwp%2Fv2%2Fproduct_brand&post=827"},{"taxonomy":"product_cat","embeddable":true,"href":"https:\/\/lastenkamari.fi\/index.php?rest_route=%2Fwp%2Fv2%2Fproduct_cat&post=827"},{"taxonomy":"product_tag","embeddable":true,"href":"https:\/\/lastenkamari.fi\/index.php?rest_route=%2Fwp%2Fv2%2Fproduct_tag&post=827"}],"curies":[{"name":"wp","href":"https:\/\/api.w.org\/{rel}","templated":true}]}}