{"id":83,"date":"2026-04-28T10:11:18","date_gmt":"2026-04-28T10:11:18","guid":{"rendered":"https:\/\/lastenkamari.fi\/?post_type=product&#038;p=83"},"modified":"2026-04-28T10:11:19","modified_gmt":"2026-04-28T10:11:19","slug":"miracles-volume-sleeve-midi-dress-mekko-xs","status":"publish","type":"product","link":"https:\/\/lastenkamari.fi\/?product=miracles-volume-sleeve-midi-dress-mekko-xs","title":{"rendered":"Miracles Volume Sleeve Midi Dress -Mekko &#8211; XS"},"content":{"rendered":"<p>Secret Places -mallisto on osa Metsola Woman -kokonaisuutta. \u2764\ufe0e Malliston v\u00e4rimaailma on saanut inspiraation alkusyksyn usvaisesta maisemasta, jossa vanha tehdasmilj\u00f6\u00f6 ja villit kukkaniityt muodostavat yhdess\u00e4 herk\u00e4n v\u00e4ripaletin. Miracles-kuosi on ihanan romanttinen, mutta samalla my\u00f6s raikkaan moderni. \u2764\ufe0e<br \/>\nT\u00e4m\u00e4 viskoosista valmistettu midimittainen puhvimekko sis\u00e4lt\u00e4\u00e4 my\u00f6s polyamidia, mik\u00e4 v\u00e4hent\u00e4\u00e4 merkitt\u00e4v\u00e4sti kutistumista ja tekee siit\u00e4 vahvempaa. Midimekossa on n\u00e4ytt\u00e4v\u00e4t puolipitk\u00e4t puhvihihat ja leikkaus, joka tekee istuvuudesta rennon. T\u00e4ss\u00e4 viskoosimekossa on my\u00f6s k\u00e4tev\u00e4t taskut.<br \/>\nKankaassa on my\u00f6s kaunis aaltomainen tekstuuri, joten se ei vaadi silitt\u00e4mist\u00e4 samalla tavalla kuin sile\u00e4t viskoosikankaat.<br \/>\nKuosin kohdistus on jokaisessa tuotteessa yksil\u00f6llinen. Mik\u00e4li et ole varma oikeasta koosta, suosittelemme katsomaan apua kokotaulukosta.<\/p>\n","protected":false},"excerpt":{"rendered":"<p>Secret Places -mallisto on osa Metsola Woman -kokonaisuutta. \u2764\ufe0e Malliston v\u00e4rimaailma on saanut inspiraation alkusyksyn usvaisesta maisemasta, jossa vanha tehdasmilj\u00f6\u00f6 ja villit kukkaniityt muodostavat yhdess\u00e4 herk\u00e4n v\u00e4ripaletin. Miracles-kuosi on ihanan romanttinen, mutta samalla my\u00f6s raikkaan moderni. \u2764\ufe0e T\u00e4m\u00e4 viskoosista valmistettu midimittainen puhvimekko sis\u00e4lt\u00e4\u00e4 my\u00f6s polyamidia, mik\u00e4 v\u00e4hent\u00e4\u00e4 merkitt\u00e4v\u00e4sti kutistumista ja [&hellip;]<\/p>\n","protected":false},"featured_media":84,"comment_status":"open","ping_status":"closed","template":"","meta":[],"product_brand":[32],"product_cat":[25],"product_tag":[26],"class_list":{"0":"post-83","1":"product","2":"type-product","3":"status-publish","4":"has-post-thumbnail","6":"product_brand-secret-places","7":"product_cat-aikuisten-vaatteet","8":"product_tag-metsola","10":"first","11":"instock","12":"shipping-taxable","13":"product-type-external"},"_links":{"self":[{"href":"https:\/\/lastenkamari.fi\/index.php?rest_route=\/wp\/v2\/product\/83","targetHints":{"allow":["GET"]}}],"collection":[{"href":"https:\/\/lastenkamari.fi\/index.php?rest_route=\/wp\/v2\/product"}],"about":[{"href":"https:\/\/lastenkamari.fi\/index.php?rest_route=\/wp\/v2\/types\/product"}],"replies":[{"embeddable":true,"href":"https:\/\/lastenkamari.fi\/index.php?rest_route=%2Fwp%2Fv2%2Fcomments&post=83"}],"wp:featuredmedia":[{"embeddable":true,"href":"https:\/\/lastenkamari.fi\/index.php?rest_route=\/wp\/v2\/media\/84"}],"wp:attachment":[{"href":"https:\/\/lastenkamari.fi\/index.php?rest_route=%2Fwp%2Fv2%2Fmedia&parent=83"}],"wp:term":[{"taxonomy":"product_brand","embeddable":true,"href":"https:\/\/lastenkamari.fi\/index.php?rest_route=%2Fwp%2Fv2%2Fproduct_brand&post=83"},{"taxonomy":"product_cat","embeddable":true,"href":"https:\/\/lastenkamari.fi\/index.php?rest_route=%2Fwp%2Fv2%2Fproduct_cat&post=83"},{"taxonomy":"product_tag","embeddable":true,"href":"https:\/\/lastenkamari.fi\/index.php?rest_route=%2Fwp%2Fv2%2Fproduct_tag&post=83"}],"curies":[{"name":"wp","href":"https:\/\/api.w.org\/{rel}","templated":true}]}}