{"id":847,"date":"2026-04-28T10:15:32","date_gmt":"2026-04-28T10:15:32","guid":{"rendered":"https:\/\/lastenkamari.fi\/?post_type=product&#038;p=847"},"modified":"2026-04-28T10:15:33","modified_gmt":"2026-04-28T10:15:33","slug":"sweet-cherries-muslin-mekko-sparkle-74-80","status":"publish","type":"product","link":"https:\/\/lastenkamari.fi\/?product=sweet-cherries-muslin-mekko-sparkle-74-80","title":{"rendered":"Sweet Cherries Muslin -Mekko | Sparkle &#8211; 74\/80"},"content":{"rendered":"<p>Beach Party -mallisto on t\u00e4ynn\u00e4 v\u00e4ri\u00e4, iloa ja leikkisyytt\u00e4 \u2013 juuri kuten lapsuus. Kuosit ja materiaalit on suunniteltu tuomaan hyv\u00e4\u00e4 ja huoletonta fiilist\u00e4 kes\u00e4isiin seikkailuihin.<br \/>\nSweet Cherries -musliinimekko on kuin kirsikka kes\u00e4p\u00e4iv\u00e4n p\u00e4\u00e4ll\u00e4 \u2013 kevyt, suloinen ja t\u00e4ynn\u00e4 iloa! T\u00e4ss\u00e4 lasten mekossa yhdistyv\u00e4t leikkis\u00e4 kirsikkakuosi ja hengitt\u00e4v\u00e4 puuvillamusliini, joka tuntuu miellytt\u00e4v\u00e4lt\u00e4 my\u00f6s l\u00e4mpim\u00e4ll\u00e4 s\u00e4\u00e4ll\u00e4.<br \/>\nLyhyet hihat saavat ilmett\u00e4 suloisista r\u00f6yhel\u00f6ist\u00e4 hihansuissa, ja v\u00e4lj\u00e4 malli mahdollistaa vapaan liikkumisen leikeiss\u00e4, juhlissa tai lomaretkill\u00e4. Sparkle-v\u00e4riss\u00e4 mekon ilme on raikas ja hele\u00e4, juuri sopiva pienten kes\u00e4seikkailijoiden tyyliin.<br \/>\nT\u00e4m\u00e4 lasten mekko on t\u00e4ydellinen valinta, kun etsit kevytt\u00e4, mukavaa ja n\u00e4ytt\u00e4v\u00e4\u00e4 vaatetta kes\u00e4n hetkiin \u2013 k\u00e4yt\u00e4nn\u00f6llinen arjessa, kaunis juhlaan.<br \/>\nHUOM! Musliinikankaalle ominainen tekstuuri tulee paremmin n\u00e4kyviin pesun j\u00e4lkeen. Uuden tuotteen rypytt\u00f6myys johtuu painotekniikasta. V\u00e4lt\u00e4 tuotteen silitt\u00e4mist\u00e4 tekstuurin s\u00e4ilytt\u00e4miseksi.<br \/>\nKuosin kohdistus on jokaisessa tuotteessa yksil\u00f6llinen. Mik\u00e4li et ole varma oikeasta koosta, suosittelemme katsomaan apua kokotaulukosta.<\/p>\n","protected":false},"excerpt":{"rendered":"<p>Beach Party -mallisto on t\u00e4ynn\u00e4 v\u00e4ri\u00e4, iloa ja leikkisyytt\u00e4 \u2013 juuri kuten lapsuus. Kuosit ja materiaalit on suunniteltu tuomaan hyv\u00e4\u00e4 ja huoletonta fiilist\u00e4 kes\u00e4isiin seikkailuihin. Sweet Cherries -musliinimekko on kuin kirsikka kes\u00e4p\u00e4iv\u00e4n p\u00e4\u00e4ll\u00e4 \u2013 kevyt, suloinen ja t\u00e4ynn\u00e4 iloa! T\u00e4ss\u00e4 lasten mekossa yhdistyv\u00e4t leikkis\u00e4 kirsikkakuosi ja hengitt\u00e4v\u00e4 puuvillamusliini, joka tuntuu [&hellip;]<\/p>\n","protected":false},"featured_media":848,"comment_status":"open","ping_status":"closed","template":"","meta":[],"product_brand":[44],"product_cat":[40],"product_tag":[26],"class_list":{"0":"post-847","1":"product","2":"type-product","3":"status-publish","4":"has-post-thumbnail","6":"product_brand-beach-party","7":"product_cat-lastenvaatteet","8":"product_tag-metsola","10":"first","11":"instock","12":"shipping-taxable","13":"product-type-external"},"_links":{"self":[{"href":"https:\/\/lastenkamari.fi\/index.php?rest_route=\/wp\/v2\/product\/847","targetHints":{"allow":["GET"]}}],"collection":[{"href":"https:\/\/lastenkamari.fi\/index.php?rest_route=\/wp\/v2\/product"}],"about":[{"href":"https:\/\/lastenkamari.fi\/index.php?rest_route=\/wp\/v2\/types\/product"}],"replies":[{"embeddable":true,"href":"https:\/\/lastenkamari.fi\/index.php?rest_route=%2Fwp%2Fv2%2Fcomments&post=847"}],"wp:featuredmedia":[{"embeddable":true,"href":"https:\/\/lastenkamari.fi\/index.php?rest_route=\/wp\/v2\/media\/848"}],"wp:attachment":[{"href":"https:\/\/lastenkamari.fi\/index.php?rest_route=%2Fwp%2Fv2%2Fmedia&parent=847"}],"wp:term":[{"taxonomy":"product_brand","embeddable":true,"href":"https:\/\/lastenkamari.fi\/index.php?rest_route=%2Fwp%2Fv2%2Fproduct_brand&post=847"},{"taxonomy":"product_cat","embeddable":true,"href":"https:\/\/lastenkamari.fi\/index.php?rest_route=%2Fwp%2Fv2%2Fproduct_cat&post=847"},{"taxonomy":"product_tag","embeddable":true,"href":"https:\/\/lastenkamari.fi\/index.php?rest_route=%2Fwp%2Fv2%2Fproduct_tag&post=847"}],"curies":[{"name":"wp","href":"https:\/\/api.w.org\/{rel}","templated":true}]}}