{"id":851,"date":"2026-04-28T10:15:34","date_gmt":"2026-04-28T10:15:34","guid":{"rendered":"https:\/\/lastenkamari.fi\/?post_type=product&#038;p=851"},"modified":"2026-04-28T10:15:35","modified_gmt":"2026-04-28T10:15:35","slug":"puff-sleeve-dress-mekko-wildy-74-80","status":"publish","type":"product","link":"https:\/\/lastenkamari.fi\/?product=puff-sleeve-dress-mekko-wildy-74-80","title":{"rendered":"Puff Sleeve Dress -Mekko | Wildy &#8211; 74\/80"},"content":{"rendered":"<p>Metsola kutsuu seikkailuun True Campers -malliston mukana \ud83d\udda4 Luonnonrauhasta ja retkitunnelmasta inspiroitunut kokoelma hurmaa uusilla vaatemalleilla, laadukkailla materiaaleilla ja kauden s\u00e4vyjen runsaudella. T\u00e4m\u00e4 mallisto tuo iloa arkeen ja l\u00e4mp\u00f6\u00e4 viileisiin hetkiin.<br \/>\nSyv\u00e4n violetti Wildy tuo leikkis\u00e4\u00e4 tyylikkyytt\u00e4 Puff Sleeve Dress -mekkoon. T\u00e4ss\u00e4 lasten uudessa mekkomallissa on pitk\u00e4t puhvihihat, joiden rypytys olkap\u00e4ill\u00e4 antaa asulle n\u00e4ytt\u00e4v\u00e4n, mutta kevyen ilmeen. Kuminauhat hihansuissa takaavat hyv\u00e4n ja mukavan istuvuuden.<br \/>\nMekko on valmistettu strukturoidusta pitsineuloksesta, jonka luomupuuvillapohjainen seos tuntuu pehme\u00e4lt\u00e4 ja hengitt\u00e4v\u00e4lt\u00e4 ihoa vasten. Materiaali tekee mekosta miellytt\u00e4v\u00e4n k\u00e4ytt\u00e4\u00e4 niin arjessa kuin erityisiss\u00e4 hetkiss\u00e4.<br \/>\nWildy-s\u00e4vyinen Puff Sleeve Dress -mekko on saatavilla my\u00f6s aikuisten koossa, joten asulla voi helposti samistella esimerkiksi vanhemman tai sisaruksen kanssa.<br \/>\nMik\u00e4li et ole varma oikeasta koosta, suosittelemme katsomaan apua kokotaulukosta.<\/p>\n","protected":false},"excerpt":{"rendered":"<p>Metsola kutsuu seikkailuun True Campers -malliston mukana \ud83d\udda4 Luonnonrauhasta ja retkitunnelmasta inspiroitunut kokoelma hurmaa uusilla vaatemalleilla, laadukkailla materiaaleilla ja kauden s\u00e4vyjen runsaudella. T\u00e4m\u00e4 mallisto tuo iloa arkeen ja l\u00e4mp\u00f6\u00e4 viileisiin hetkiin. Syv\u00e4n violetti Wildy tuo leikkis\u00e4\u00e4 tyylikkyytt\u00e4 Puff Sleeve Dress -mekkoon. T\u00e4ss\u00e4 lasten uudessa mekkomallissa on pitk\u00e4t puhvihihat, joiden rypytys [&hellip;]<\/p>\n","protected":false},"featured_media":852,"comment_status":"open","ping_status":"closed","template":"","meta":[],"product_brand":[34],"product_cat":[40],"product_tag":[26],"class_list":{"0":"post-851","1":"product","2":"type-product","3":"status-publish","4":"has-post-thumbnail","6":"product_brand-true-campers","7":"product_cat-lastenvaatteet","8":"product_tag-metsola","10":"first","11":"instock","12":"shipping-taxable","13":"product-type-external"},"_links":{"self":[{"href":"https:\/\/lastenkamari.fi\/index.php?rest_route=\/wp\/v2\/product\/851","targetHints":{"allow":["GET"]}}],"collection":[{"href":"https:\/\/lastenkamari.fi\/index.php?rest_route=\/wp\/v2\/product"}],"about":[{"href":"https:\/\/lastenkamari.fi\/index.php?rest_route=\/wp\/v2\/types\/product"}],"replies":[{"embeddable":true,"href":"https:\/\/lastenkamari.fi\/index.php?rest_route=%2Fwp%2Fv2%2Fcomments&post=851"}],"wp:featuredmedia":[{"embeddable":true,"href":"https:\/\/lastenkamari.fi\/index.php?rest_route=\/wp\/v2\/media\/852"}],"wp:attachment":[{"href":"https:\/\/lastenkamari.fi\/index.php?rest_route=%2Fwp%2Fv2%2Fmedia&parent=851"}],"wp:term":[{"taxonomy":"product_brand","embeddable":true,"href":"https:\/\/lastenkamari.fi\/index.php?rest_route=%2Fwp%2Fv2%2Fproduct_brand&post=851"},{"taxonomy":"product_cat","embeddable":true,"href":"https:\/\/lastenkamari.fi\/index.php?rest_route=%2Fwp%2Fv2%2Fproduct_cat&post=851"},{"taxonomy":"product_tag","embeddable":true,"href":"https:\/\/lastenkamari.fi\/index.php?rest_route=%2Fwp%2Fv2%2Fproduct_tag&post=851"}],"curies":[{"name":"wp","href":"https:\/\/api.w.org\/{rel}","templated":true}]}}