{"id":87,"date":"2026-04-28T10:11:20","date_gmt":"2026-04-28T10:11:20","guid":{"rendered":"https:\/\/lastenkamari.fi\/?post_type=product&#038;p=87"},"modified":"2026-04-28T10:11:21","modified_gmt":"2026-04-28T10:11:21","slug":"puff-sleeve-tunic-dress-tunikamekko-black-xs","status":"publish","type":"product","link":"https:\/\/lastenkamari.fi\/?product=puff-sleeve-tunic-dress-tunikamekko-black-xs","title":{"rendered":"Puff Sleeve Tunic Dress -Tunikamekko | Black &#8211; XS"},"content":{"rendered":"<p>Secret Places -mallisto on osa Metsola Woman -kokonaisuutta \u2764 Malliston v\u00e4rimaailma on saanut inspiraation alkusyksyn usvaisesta maisemasta, jossa vanha tehdasmilj\u00f6\u00f6 ja villit kukkaniityt muodostavat yhdess\u00e4 herk\u00e4n v\u00e4ripaletin.<br \/>\nMallistoa t\u00e4ydent\u00e4\u00e4 klassinen musta, tunikamallinen trikoomekko, jonka voi yhdist\u00e4\u00e4 monipuolisesti erilaisiin asukokonaisuuksiin. T\u00e4ss\u00e4 trikoomekossa on kauniisti laskeutuvat puhvihihat.<br \/>\nT\u00e4m\u00e4n mekon materiaali on napakkaa (ponto roma) trikoota, joka tekee mallista ryhdikk\u00e4\u00e4n mutta mukavan joustavan. Mekon istuvuus on rento mutta vastaa hyvin kokoaan.<br \/>\nMik\u00e4li et ole varma oikeasta koosta, suosittelemme katsomaan apua kokotaulukosta.<\/p>\n","protected":false},"excerpt":{"rendered":"<p>Secret Places -mallisto on osa Metsola Woman -kokonaisuutta \u2764 Malliston v\u00e4rimaailma on saanut inspiraation alkusyksyn usvaisesta maisemasta, jossa vanha tehdasmilj\u00f6\u00f6 ja villit kukkaniityt muodostavat yhdess\u00e4 herk\u00e4n v\u00e4ripaletin. Mallistoa t\u00e4ydent\u00e4\u00e4 klassinen musta, tunikamallinen trikoomekko, jonka voi yhdist\u00e4\u00e4 monipuolisesti erilaisiin asukokonaisuuksiin. T\u00e4ss\u00e4 trikoomekossa on kauniisti laskeutuvat puhvihihat. T\u00e4m\u00e4n mekon materiaali on napakkaa [&hellip;]<\/p>\n","protected":false},"featured_media":88,"comment_status":"open","ping_status":"closed","template":"","meta":[],"product_brand":[32],"product_cat":[25],"product_tag":[26],"class_list":{"0":"post-87","1":"product","2":"type-product","3":"status-publish","4":"has-post-thumbnail","6":"product_brand-secret-places","7":"product_cat-aikuisten-vaatteet","8":"product_tag-metsola","10":"first","11":"instock","12":"shipping-taxable","13":"product-type-external"},"_links":{"self":[{"href":"https:\/\/lastenkamari.fi\/index.php?rest_route=\/wp\/v2\/product\/87","targetHints":{"allow":["GET"]}}],"collection":[{"href":"https:\/\/lastenkamari.fi\/index.php?rest_route=\/wp\/v2\/product"}],"about":[{"href":"https:\/\/lastenkamari.fi\/index.php?rest_route=\/wp\/v2\/types\/product"}],"replies":[{"embeddable":true,"href":"https:\/\/lastenkamari.fi\/index.php?rest_route=%2Fwp%2Fv2%2Fcomments&post=87"}],"wp:featuredmedia":[{"embeddable":true,"href":"https:\/\/lastenkamari.fi\/index.php?rest_route=\/wp\/v2\/media\/88"}],"wp:attachment":[{"href":"https:\/\/lastenkamari.fi\/index.php?rest_route=%2Fwp%2Fv2%2Fmedia&parent=87"}],"wp:term":[{"taxonomy":"product_brand","embeddable":true,"href":"https:\/\/lastenkamari.fi\/index.php?rest_route=%2Fwp%2Fv2%2Fproduct_brand&post=87"},{"taxonomy":"product_cat","embeddable":true,"href":"https:\/\/lastenkamari.fi\/index.php?rest_route=%2Fwp%2Fv2%2Fproduct_cat&post=87"},{"taxonomy":"product_tag","embeddable":true,"href":"https:\/\/lastenkamari.fi\/index.php?rest_route=%2Fwp%2Fv2%2Fproduct_tag&post=87"}],"curies":[{"name":"wp","href":"https:\/\/api.w.org\/{rel}","templated":true}]}}