{"id":91,"date":"2026-04-28T10:11:22","date_gmt":"2026-04-28T10:11:22","guid":{"rendered":"https:\/\/lastenkamari.fi\/?post_type=product&#038;p=91"},"modified":"2026-04-28T10:11:23","modified_gmt":"2026-04-28T10:11:23","slug":"womens-puff-sleeve-dress-mekko-wildy-xs","status":"publish","type":"product","link":"https:\/\/lastenkamari.fi\/?product=womens-puff-sleeve-dress-mekko-wildy-xs","title":{"rendered":"Women&#8217;s Puff Sleeve Dress -Mekko | Wildy &#8211; XS"},"content":{"rendered":"<p>Metsola kutsuu seikkailuun True Campers -malliston mukana \ud83d\udda4 Luonnonrauhasta ja retkitunnelmasta inspiroitunut kokoelma hurmaa uusilla vaatemalleilla, laadukkailla materiaaleilla ja kauden s\u00e4vyjen runsaudella. T\u00e4m\u00e4 mallisto tuo iloa arkeen ja l\u00e4mp\u00f6\u00e4 viileisiin hetkiin.<br \/>\nSyv\u00e4 violetti Wildy tekee Metsolan naisten Puff Sleeve Dress -mekosta n\u00e4ytt\u00e4v\u00e4n mutta helposti l\u00e4hestytt\u00e4v\u00e4n valinnan niin arkeen kuin juhlaan. Mekossa on pitk\u00e4t puhvihihat, joiden rypytys olkap\u00e4ill\u00e4 tuo siluettiin pehme\u00e4\u00e4 volyymia. Kuminauhat hihansuissa lis\u00e4\u00e4v\u00e4t k\u00e4ytt\u00f6mukavuutta ja huolitellun ilmeen.<br \/>\nMateriaali on strukturoitua pitsineulosta, valmistettu luomupuuvillapohjaisesta seoksesta \u2013 miellytt\u00e4v\u00e4, hengitt\u00e4v\u00e4 ja kauniisti laskeutuva vaihtoehto eri tilanteisiin.<br \/>\nWildy-mekko on saatavilla my\u00f6s lasten koossa, joten se sopii t\u00e4ydellisesti samisteluun perheen pienimpien kanssa.<br \/>\nMik\u00e4li et ole varma oikeasta koosta, suosittelemme katsomaan apua kokotaulukosta.<\/p>\n","protected":false},"excerpt":{"rendered":"<p>Metsola kutsuu seikkailuun True Campers -malliston mukana \ud83d\udda4 Luonnonrauhasta ja retkitunnelmasta inspiroitunut kokoelma hurmaa uusilla vaatemalleilla, laadukkailla materiaaleilla ja kauden s\u00e4vyjen runsaudella. T\u00e4m\u00e4 mallisto tuo iloa arkeen ja l\u00e4mp\u00f6\u00e4 viileisiin hetkiin. Syv\u00e4 violetti Wildy tekee Metsolan naisten Puff Sleeve Dress -mekosta n\u00e4ytt\u00e4v\u00e4n mutta helposti l\u00e4hestytt\u00e4v\u00e4n valinnan niin arkeen kuin juhlaan. [&hellip;]<\/p>\n","protected":false},"featured_media":92,"comment_status":"open","ping_status":"closed","template":"","meta":[],"product_brand":[34],"product_cat":[25],"product_tag":[26],"class_list":{"0":"post-91","1":"product","2":"type-product","3":"status-publish","4":"has-post-thumbnail","6":"product_brand-true-campers","7":"product_cat-aikuisten-vaatteet","8":"product_tag-metsola","10":"first","11":"instock","12":"shipping-taxable","13":"product-type-external"},"_links":{"self":[{"href":"https:\/\/lastenkamari.fi\/index.php?rest_route=\/wp\/v2\/product\/91","targetHints":{"allow":["GET"]}}],"collection":[{"href":"https:\/\/lastenkamari.fi\/index.php?rest_route=\/wp\/v2\/product"}],"about":[{"href":"https:\/\/lastenkamari.fi\/index.php?rest_route=\/wp\/v2\/types\/product"}],"replies":[{"embeddable":true,"href":"https:\/\/lastenkamari.fi\/index.php?rest_route=%2Fwp%2Fv2%2Fcomments&post=91"}],"wp:featuredmedia":[{"embeddable":true,"href":"https:\/\/lastenkamari.fi\/index.php?rest_route=\/wp\/v2\/media\/92"}],"wp:attachment":[{"href":"https:\/\/lastenkamari.fi\/index.php?rest_route=%2Fwp%2Fv2%2Fmedia&parent=91"}],"wp:term":[{"taxonomy":"product_brand","embeddable":true,"href":"https:\/\/lastenkamari.fi\/index.php?rest_route=%2Fwp%2Fv2%2Fproduct_brand&post=91"},{"taxonomy":"product_cat","embeddable":true,"href":"https:\/\/lastenkamari.fi\/index.php?rest_route=%2Fwp%2Fv2%2Fproduct_cat&post=91"},{"taxonomy":"product_tag","embeddable":true,"href":"https:\/\/lastenkamari.fi\/index.php?rest_route=%2Fwp%2Fv2%2Fproduct_tag&post=91"}],"curies":[{"name":"wp","href":"https:\/\/api.w.org\/{rel}","templated":true}]}}