{"id":917,"date":"2026-04-28T10:15:56","date_gmt":"2026-04-28T10:15:56","guid":{"rendered":"https:\/\/lastenkamari.fi\/?post_type=product&#038;p=917"},"modified":"2026-04-28T10:15:56","modified_gmt":"2026-04-28T10:15:56","slug":"tiered-dress-mekko-pinkie-74-80","status":"publish","type":"product","link":"https:\/\/lastenkamari.fi\/?product=tiered-dress-mekko-pinkie-74-80","title":{"rendered":"Tiered Dress -Mekko | Pinkie &#8211; 74\/80"},"content":{"rendered":"<p>Tiered Dress -Mekko v\u00e4riss\u00e4 Pinkie on suloinen lasten mekko, jossa romanttinen pitsineulos ja runsas helma luovat kevyen ja leikkis\u00e4n ilmeen. Mekossa on lyhyet hihat ja kerrostettu helma, joka liikkuu kauniisti mukana leikeiss\u00e4. Pinkie on herkullinen pinkki s\u00e4vy, joka tuo asuun iloista kev\u00e4ist\u00e4 energiaa.<br \/>\nMekko on osa Metsolan Weekend Vibes -mallistoa, joka juhlistaa kev\u00e4\u00e4n keveytt\u00e4, aurinkoisia p\u00e4ivi\u00e4 ja huolettomia leikkihetki\u00e4. Luomupuuvillainen pitsineulos tuntuu pehme\u00e4lt\u00e4 ja miellytt\u00e4v\u00e4lt\u00e4 p\u00e4\u00e4ll\u00e4.<br \/>\nSamasta materiaalista l\u00f6ytyy my\u00f6s naisten mekko, joten t\u00e4m\u00e4 mekko sopii t\u00e4ydellisesti \u00e4idin ja lapsen samisteluasuun. Mekosta on saatavilla koot 146\/152 saakka!<br \/>\nMik\u00e4li et ole varma oikeasta koosta, suosittelemme katsomaan apua kokotaulukosta.<\/p>\n","protected":false},"excerpt":{"rendered":"<p>Tiered Dress -Mekko v\u00e4riss\u00e4 Pinkie on suloinen lasten mekko, jossa romanttinen pitsineulos ja runsas helma luovat kevyen ja leikkis\u00e4n ilmeen. Mekossa on lyhyet hihat ja kerrostettu helma, joka liikkuu kauniisti mukana leikeiss\u00e4. Pinkie on herkullinen pinkki s\u00e4vy, joka tuo asuun iloista kev\u00e4ist\u00e4 energiaa. Mekko on osa Metsolan Weekend Vibes -mallistoa, [&hellip;]<\/p>\n","protected":false},"featured_media":918,"comment_status":"open","ping_status":"closed","template":"","meta":[],"product_brand":[35],"product_cat":[40],"product_tag":[26],"class_list":{"0":"post-917","1":"product","2":"type-product","3":"status-publish","4":"has-post-thumbnail","6":"product_brand-weekend-vibes","7":"product_cat-lastenvaatteet","8":"product_tag-metsola","10":"first","11":"instock","12":"shipping-taxable","13":"product-type-external"},"_links":{"self":[{"href":"https:\/\/lastenkamari.fi\/index.php?rest_route=\/wp\/v2\/product\/917","targetHints":{"allow":["GET"]}}],"collection":[{"href":"https:\/\/lastenkamari.fi\/index.php?rest_route=\/wp\/v2\/product"}],"about":[{"href":"https:\/\/lastenkamari.fi\/index.php?rest_route=\/wp\/v2\/types\/product"}],"replies":[{"embeddable":true,"href":"https:\/\/lastenkamari.fi\/index.php?rest_route=%2Fwp%2Fv2%2Fcomments&post=917"}],"wp:featuredmedia":[{"embeddable":true,"href":"https:\/\/lastenkamari.fi\/index.php?rest_route=\/wp\/v2\/media\/918"}],"wp:attachment":[{"href":"https:\/\/lastenkamari.fi\/index.php?rest_route=%2Fwp%2Fv2%2Fmedia&parent=917"}],"wp:term":[{"taxonomy":"product_brand","embeddable":true,"href":"https:\/\/lastenkamari.fi\/index.php?rest_route=%2Fwp%2Fv2%2Fproduct_brand&post=917"},{"taxonomy":"product_cat","embeddable":true,"href":"https:\/\/lastenkamari.fi\/index.php?rest_route=%2Fwp%2Fv2%2Fproduct_cat&post=917"},{"taxonomy":"product_tag","embeddable":true,"href":"https:\/\/lastenkamari.fi\/index.php?rest_route=%2Fwp%2Fv2%2Fproduct_tag&post=917"}],"curies":[{"name":"wp","href":"https:\/\/api.w.org\/{rel}","templated":true}]}}