{"id":943,"date":"2026-04-28T10:16:05","date_gmt":"2026-04-28T10:16:05","guid":{"rendered":"https:\/\/lastenkamari.fi\/?post_type=product&#038;p=943"},"modified":"2026-04-28T10:16:05","modified_gmt":"2026-04-28T10:16:05","slug":"headband-panta-pinkie-0-1y","status":"publish","type":"product","link":"https:\/\/lastenkamari.fi\/?product=headband-panta-pinkie-0-1y","title":{"rendered":"Headband -Panta | Pinkie &#8211; 0-1Y"},"content":{"rendered":"<p>Headband -Panta v\u00e4riss\u00e4 Pinkie on suloinen hiuspanta, joka tuo asuun iloisen ja kev\u00e4isen s\u00e4vyn. Panta on valmistettu luomupuuvillaisesta pitsineuloksesta, jonka herkk\u00e4 ja ilmava tekstuuri tekee siit\u00e4 sek\u00e4 kauniin ett\u00e4 mukavan k\u00e4ytt\u00e4\u00e4. Pinkie on herkullinen pinkki s\u00e4vy, joka tuo asuun leikkis\u00e4\u00e4 energiaa.<br \/>\nPanta on osa Metsolan Weekend Vibes -mallistoa, joka juhlistaa aurinkoisia p\u00e4ivi\u00e4, kev\u00e4\u00e4n keveytt\u00e4 ja huolettomia leikkihetki\u00e4.<br \/>\nPehme\u00e4 ja joustava materiaali pit\u00e4\u00e4 pannan mukavasti paikoillaan. Se sopii t\u00e4ydellisesti saman materiaalin mekkojen pariksi ja viimeistelee asun suloisella yksityiskohdalla.<br \/>\nMik\u00e4li et ole varma oikeasta koosta, suosittelemme katsomaan apua kokotaulukosta.<\/p>\n","protected":false},"excerpt":{"rendered":"<p>Headband -Panta v\u00e4riss\u00e4 Pinkie on suloinen hiuspanta, joka tuo asuun iloisen ja kev\u00e4isen s\u00e4vyn. Panta on valmistettu luomupuuvillaisesta pitsineuloksesta, jonka herkk\u00e4 ja ilmava tekstuuri tekee siit\u00e4 sek\u00e4 kauniin ett\u00e4 mukavan k\u00e4ytt\u00e4\u00e4. Pinkie on herkullinen pinkki s\u00e4vy, joka tuo asuun leikkis\u00e4\u00e4 energiaa. Panta on osa Metsolan Weekend Vibes -mallistoa, joka juhlistaa [&hellip;]<\/p>\n","protected":false},"featured_media":944,"comment_status":"open","ping_status":"closed","template":"","meta":[],"product_brand":[35],"product_cat":[59],"product_tag":[26],"class_list":{"0":"post-943","1":"product","2":"type-product","3":"status-publish","4":"has-post-thumbnail","6":"product_brand-weekend-vibes","7":"product_cat-asusteet","8":"product_tag-metsola","10":"first","11":"instock","12":"shipping-taxable","13":"product-type-external"},"_links":{"self":[{"href":"https:\/\/lastenkamari.fi\/index.php?rest_route=\/wp\/v2\/product\/943","targetHints":{"allow":["GET"]}}],"collection":[{"href":"https:\/\/lastenkamari.fi\/index.php?rest_route=\/wp\/v2\/product"}],"about":[{"href":"https:\/\/lastenkamari.fi\/index.php?rest_route=\/wp\/v2\/types\/product"}],"replies":[{"embeddable":true,"href":"https:\/\/lastenkamari.fi\/index.php?rest_route=%2Fwp%2Fv2%2Fcomments&post=943"}],"wp:featuredmedia":[{"embeddable":true,"href":"https:\/\/lastenkamari.fi\/index.php?rest_route=\/wp\/v2\/media\/944"}],"wp:attachment":[{"href":"https:\/\/lastenkamari.fi\/index.php?rest_route=%2Fwp%2Fv2%2Fmedia&parent=943"}],"wp:term":[{"taxonomy":"product_brand","embeddable":true,"href":"https:\/\/lastenkamari.fi\/index.php?rest_route=%2Fwp%2Fv2%2Fproduct_brand&post=943"},{"taxonomy":"product_cat","embeddable":true,"href":"https:\/\/lastenkamari.fi\/index.php?rest_route=%2Fwp%2Fv2%2Fproduct_cat&post=943"},{"taxonomy":"product_tag","embeddable":true,"href":"https:\/\/lastenkamari.fi\/index.php?rest_route=%2Fwp%2Fv2%2Fproduct_tag&post=943"}],"curies":[{"name":"wp","href":"https:\/\/api.w.org\/{rel}","templated":true}]}}