{"id":95,"date":"2026-04-28T10:11:23","date_gmt":"2026-04-28T10:11:23","guid":{"rendered":"https:\/\/lastenkamari.fi\/?post_type=product&#038;p=95"},"modified":"2026-04-28T10:11:24","modified_gmt":"2026-04-28T10:11:24","slug":"fantasy-volume-sleeve-midi-dress-mekko-xs","status":"publish","type":"product","link":"https:\/\/lastenkamari.fi\/?product=fantasy-volume-sleeve-midi-dress-mekko-xs","title":{"rendered":"Fantasy Volume Sleeve Midi Dress -Mekko &#8211; XS"},"content":{"rendered":"<p>Can&#8217;t stop dreaming -mallisto on saanut inspiraationsa unelmoinnin voimasta \u2013 siit\u00e4, kuinka t\u00e4rke\u00e4\u00e4 on uskaltaa haaveilla ja kulkea rohkeasti kohti omia unelmiaan. Se heijastaa haaveilun ihmeellist\u00e4 voimaa toteuttaa mahdottomaltakin tuntuvia asioita \u2764<br \/>\nFantasy Volume Sleeve Midi dress on elegantti ja monik\u00e4ytt\u00f6inen viskoosimekko, jossa yhdistyv\u00e4t naisellinen muotoilu ja rohkean graafinen ilme. Mekon kukallinen kuosi on enemm\u00e4n kuin kukkia \u2013 siin\u00e4 on rakennetta, rytmi\u00e4 ja taiteellista voimaa, joka tekee t\u00e4st\u00e4 mekon katseenvangitsijan.<br \/>\nPuolipitk\u00e4t puhvihihat tuovat siluettiin n\u00e4ytt\u00e4vyytt\u00e4 ja kevytt\u00e4 volyymia, midi-pituus tekee mekosta tasapainoisen ja ajattoman. K\u00e4yt\u00e4nn\u00f6lliset sivutaskut lis\u00e4\u00e4v\u00e4t arjen mukavuutta ja tekev\u00e4t mekosta helposti l\u00e4hestytt\u00e4v\u00e4n valinnan my\u00f6s kiireisiin hetkiin. Mukava ja huoliteltu \u2013 juuri sit\u00e4, mit\u00e4 monipuolinen lempivaate on.<br \/>\nValmistettu kauniisti laskeutuvasta crepe-viskoosista, joka tuntuu pehme\u00e4lt\u00e4 ihoa vasten ja antaa mekolle hienostuneen rakenteen. Huomaathan, ett\u00e4 viskoosi voi kutistua pesussa \u2013 siksi suosittelemme tarkistamaan kokotaulukon ja noudattamaan hoito-ohjeita huolellisesti.<\/p>\n","protected":false},"excerpt":{"rendered":"<p>Can&#8217;t stop dreaming -mallisto on saanut inspiraationsa unelmoinnin voimasta \u2013 siit\u00e4, kuinka t\u00e4rke\u00e4\u00e4 on uskaltaa haaveilla ja kulkea rohkeasti kohti omia unelmiaan. Se heijastaa haaveilun ihmeellist\u00e4 voimaa toteuttaa mahdottomaltakin tuntuvia asioita \u2764 Fantasy Volume Sleeve Midi dress on elegantti ja monik\u00e4ytt\u00f6inen viskoosimekko, jossa yhdistyv\u00e4t naisellinen muotoilu ja rohkean graafinen ilme. [&hellip;]<\/p>\n","protected":false},"featured_media":96,"comment_status":"open","ping_status":"closed","template":"","meta":[],"product_brand":[31],"product_cat":[25],"product_tag":[26],"class_list":{"0":"post-95","1":"product","2":"type-product","3":"status-publish","4":"has-post-thumbnail","6":"product_brand-cant-stop-dreaming","7":"product_cat-aikuisten-vaatteet","8":"product_tag-metsola","10":"first","11":"instock","12":"shipping-taxable","13":"product-type-external"},"_links":{"self":[{"href":"https:\/\/lastenkamari.fi\/index.php?rest_route=\/wp\/v2\/product\/95","targetHints":{"allow":["GET"]}}],"collection":[{"href":"https:\/\/lastenkamari.fi\/index.php?rest_route=\/wp\/v2\/product"}],"about":[{"href":"https:\/\/lastenkamari.fi\/index.php?rest_route=\/wp\/v2\/types\/product"}],"replies":[{"embeddable":true,"href":"https:\/\/lastenkamari.fi\/index.php?rest_route=%2Fwp%2Fv2%2Fcomments&post=95"}],"wp:featuredmedia":[{"embeddable":true,"href":"https:\/\/lastenkamari.fi\/index.php?rest_route=\/wp\/v2\/media\/96"}],"wp:attachment":[{"href":"https:\/\/lastenkamari.fi\/index.php?rest_route=%2Fwp%2Fv2%2Fmedia&parent=95"}],"wp:term":[{"taxonomy":"product_brand","embeddable":true,"href":"https:\/\/lastenkamari.fi\/index.php?rest_route=%2Fwp%2Fv2%2Fproduct_brand&post=95"},{"taxonomy":"product_cat","embeddable":true,"href":"https:\/\/lastenkamari.fi\/index.php?rest_route=%2Fwp%2Fv2%2Fproduct_cat&post=95"},{"taxonomy":"product_tag","embeddable":true,"href":"https:\/\/lastenkamari.fi\/index.php?rest_route=%2Fwp%2Fv2%2Fproduct_tag&post=95"}],"curies":[{"name":"wp","href":"https:\/\/api.w.org\/{rel}","templated":true}]}}