{"id":97,"date":"2026-04-28T10:11:24","date_gmt":"2026-04-28T10:11:24","guid":{"rendered":"https:\/\/lastenkamari.fi\/?post_type=product&#038;p=97"},"modified":"2026-04-28T10:11:25","modified_gmt":"2026-04-28T10:11:25","slug":"fantasy-voluminous-dress-mekko-xs","status":"publish","type":"product","link":"https:\/\/lastenkamari.fi\/?product=fantasy-voluminous-dress-mekko-xs","title":{"rendered":"Fantasy Voluminous Dress -Mekko &#8211; XS"},"content":{"rendered":"<p>Can&#8217;t stop dreaming -mallisto on saanut inspiraationsa unelmoinnin voimasta \u2013 siit\u00e4, kuinka t\u00e4rke\u00e4\u00e4 on uskaltaa haaveilla ja kulkea rohkeasti kohti omia unelmiaan. Se heijastaa haaveilun ihmeellist\u00e4 voimaa toteuttaa mahdottomaltakin tuntuvia asioita \u2764<br \/>\nFantasy Voluminous dress on rohkeasti kuosillinen viskoosimekko, jossa yhdistyv\u00e4t pehme\u00e4 volyymi, k\u00e4yt\u00e4nn\u00f6llisyys ja visuaalinen voima. Tummapohjainen, hieman graafinen kuosi tekee t\u00e4st\u00e4 mekosta erottuvan mutta helposti yhdistelt\u00e4v\u00e4n \u2013 juuri sopivan n\u00e4ytt\u00e4v\u00e4 niin arkeen kuin juhlaan.<br \/>\nMekossa on pitk\u00e4t puhvihihat, polvimitta ja k\u00e4yt\u00e4nn\u00f6lliset sivutaskut, jotka tuovat huolettomuutta eleganttiin siluettiin. Mekko on suunniteltu k\u00e4ytett\u00e4v\u00e4ksi vy\u00f6n kanssa tai ilman, mekossa ei ole vy\u00f6lenksuja. Mukana tuleva vy\u00f6 antaa mahdollisuuden korostaa vy\u00f6t\u00e4r\u00f6\u00e4 tai voit my\u00f6s j\u00e4tt\u00e4\u00e4 mekon rennon ilmavaksi \u2013 tyyli muokkautuu tilanteen ja fiiliksen mukaan.<br \/>\nValmistettu kevyesti strukturoidusta crepe-viskoosista, joka laskeutuu kauniisti ja tuntuu miellytt\u00e4v\u00e4lt\u00e4 ihoa vasten.\u00a0<br \/>\nHuomioithan, ett\u00e4 viskoosi voi kutistua pesussa, joten suosittelemme tarkistamaan kokotaulukon ennen ostop\u00e4\u00e4t\u00f6st\u00e4.<\/p>\n","protected":false},"excerpt":{"rendered":"<p>Can&#8217;t stop dreaming -mallisto on saanut inspiraationsa unelmoinnin voimasta \u2013 siit\u00e4, kuinka t\u00e4rke\u00e4\u00e4 on uskaltaa haaveilla ja kulkea rohkeasti kohti omia unelmiaan. Se heijastaa haaveilun ihmeellist\u00e4 voimaa toteuttaa mahdottomaltakin tuntuvia asioita \u2764 Fantasy Voluminous dress on rohkeasti kuosillinen viskoosimekko, jossa yhdistyv\u00e4t pehme\u00e4 volyymi, k\u00e4yt\u00e4nn\u00f6llisyys ja visuaalinen voima. Tummapohjainen, hieman graafinen [&hellip;]<\/p>\n","protected":false},"featured_media":98,"comment_status":"open","ping_status":"closed","template":"","meta":[],"product_brand":[31],"product_cat":[25],"product_tag":[26],"class_list":{"0":"post-97","1":"product","2":"type-product","3":"status-publish","4":"has-post-thumbnail","6":"product_brand-cant-stop-dreaming","7":"product_cat-aikuisten-vaatteet","8":"product_tag-metsola","10":"first","11":"instock","12":"shipping-taxable","13":"product-type-external"},"_links":{"self":[{"href":"https:\/\/lastenkamari.fi\/index.php?rest_route=\/wp\/v2\/product\/97","targetHints":{"allow":["GET"]}}],"collection":[{"href":"https:\/\/lastenkamari.fi\/index.php?rest_route=\/wp\/v2\/product"}],"about":[{"href":"https:\/\/lastenkamari.fi\/index.php?rest_route=\/wp\/v2\/types\/product"}],"replies":[{"embeddable":true,"href":"https:\/\/lastenkamari.fi\/index.php?rest_route=%2Fwp%2Fv2%2Fcomments&post=97"}],"wp:featuredmedia":[{"embeddable":true,"href":"https:\/\/lastenkamari.fi\/index.php?rest_route=\/wp\/v2\/media\/98"}],"wp:attachment":[{"href":"https:\/\/lastenkamari.fi\/index.php?rest_route=%2Fwp%2Fv2%2Fmedia&parent=97"}],"wp:term":[{"taxonomy":"product_brand","embeddable":true,"href":"https:\/\/lastenkamari.fi\/index.php?rest_route=%2Fwp%2Fv2%2Fproduct_brand&post=97"},{"taxonomy":"product_cat","embeddable":true,"href":"https:\/\/lastenkamari.fi\/index.php?rest_route=%2Fwp%2Fv2%2Fproduct_cat&post=97"},{"taxonomy":"product_tag","embeddable":true,"href":"https:\/\/lastenkamari.fi\/index.php?rest_route=%2Fwp%2Fv2%2Fproduct_tag&post=97"}],"curies":[{"name":"wp","href":"https:\/\/api.w.org\/{rel}","templated":true}]}}